{"id":3710,"date":"2025-07-29T15:24:29","date_gmt":"2025-07-29T13:24:29","guid":{"rendered":"https:\/\/cppr-pandaroux.org\/?post_type=product&#038;p=3710"},"modified":"2025-09-08T20:07:27","modified_gmt":"2025-09-08T18:07:27","slug":"don-sikkim","status":"publish","type":"product","link":"https:\/\/cppr-pandaroux.org\/en\/boutique\/don-sikkim\/","title":{"rendered":"Donate for \u00ab\u00a0le mur du Sikkim\u00ab\u00a0"},"content":{"rendered":"<p><span style=\"font-family: Segoe UI Historic, Segoe UI, Helvetica, Arial, sans-serif;\">The Himalayan Zoological Park (HZP) in Gangtok, <span class=\"term-highlighted\">Sikkim<\/span>, in northern India, is the breeding center for red pandas with the ultimate goal of reintroducing individuals into their natural environment. <\/span><\/p>\n<p><span style=\"font-family: Segoe UI Historic, Segoe UI, Helvetica, Arial, sans-serif;\">Almost all of the red pandas have fallen victim to canine distemper, transmitted by stray dogs near the enclosures. This tragedy has led to new measures being taken to secure the area. <\/span><\/p>\n<p><span style=\"font-family: Segoe UI Historic, Segoe UI, Helvetica, Arial, sans-serif;\">In partnership with the HZP, the CPPR decided to help build a perimeter wall to ensure on-site reproduction. <\/span><\/p>\n<p><span style=\"font-family: Segoe UI Historic, Segoe UI, Helvetica, Arial, sans-serif;\">The HZP's \"My Child from Wild\" campaign allows for the sponsorship of an animal to raise funds. At the same time, we have opened the \"Build the perimeter wall\" fundraising campaign. <span class=\"term-highlighted\">Sikkim<\/span>\u00a0\u00bb.<\/span><\/p>\n<p><span style=\"font-family: Segoe UI Historic, Segoe UI, Helvetica, Arial, sans-serif;\">Goal\u00a0: 31000 \u20ac\u00a0<\/span><\/p>","protected":false},"excerpt":{"rendered":"<p>L&rsquo;Himalayan Zoological Park (HZP) de Gangtok, au Sikkim, au Nord de l&rsquo;Inde, est le centre de reproduction des pandas roux ayant pour but, \u00e0 terme, la r\u00e9introduction des individus dans leur milieu naturel. La quasi-totalit\u00e9 des pandas roux a \u00e9t\u00e9 victime de la maladie de Carr\u00e9 transmise par des chiens errants \u00e0 proximit\u00e9 des enclos. [&hellip;]<\/p>\n","protected":false},"featured_media":3968,"template":"","meta":{"_monsterinsights_skip_tracking":false,"_monsterinsights_sitenote_active":false,"_monsterinsights_sitenote_note":"","_monsterinsights_sitenote_category":0},"product_brand":[],"product_cat":[62],"product_tag":[],"class_list":{"0":"post-3710","1":"product","2":"type-product","3":"status-publish","4":"has-post-thumbnail","6":"product_cat-mur-sikkim","8":"first","9":"instock","10":"virtual","11":"purchasable","12":"product-type-simple"},"aioseo_notices":[],"_links":{"self":[{"href":"https:\/\/cppr-pandaroux.org\/en\/wp-json\/wp\/v2\/product\/3710","targetHints":{"allow":["GET"]}}],"collection":[{"href":"https:\/\/cppr-pandaroux.org\/en\/wp-json\/wp\/v2\/product"}],"about":[{"href":"https:\/\/cppr-pandaroux.org\/en\/wp-json\/wp\/v2\/types\/product"}],"wp:featuredmedia":[{"embeddable":true,"href":"https:\/\/cppr-pandaroux.org\/en\/wp-json\/wp\/v2\/media\/3968"}],"wp:attachment":[{"href":"https:\/\/cppr-pandaroux.org\/en\/wp-json\/wp\/v2\/media?parent=3710"}],"wp:term":[{"taxonomy":"product_brand","embeddable":true,"href":"https:\/\/cppr-pandaroux.org\/en\/wp-json\/wp\/v2\/product_brand?post=3710"},{"taxonomy":"product_cat","embeddable":true,"href":"https:\/\/cppr-pandaroux.org\/en\/wp-json\/wp\/v2\/product_cat?post=3710"},{"taxonomy":"product_tag","embeddable":true,"href":"https:\/\/cppr-pandaroux.org\/en\/wp-json\/wp\/v2\/product_tag?post=3710"}],"curies":[{"name":"wp","href":"https:\/\/api.w.org\/{rel}","templated":true}]}}