{"id":3472,"date":"2025-05-01T16:48:18","date_gmt":"2025-05-01T14:48:18","guid":{"rendered":"https:\/\/cppr-pandaroux.org\/?post_type=product&#038;p=3472"},"modified":"2025-12-18T07:41:03","modified_gmt":"2025-12-18T06:41:03","slug":"jeu-de-memory-du-panda-roux","status":"publish","type":"product","link":"https:\/\/cppr-pandaroux.org\/en\/boutique\/jeu-de-memory-du-panda-roux\/","title":{"rendered":"CPPR Memory Game"},"content":{"rendered":"<p>Le memory du panda roux est un jeu \u00e0 partir de 5 ans, dont les tuiles abordent toutes le th\u00e8me du panda roux ! Retrouvez une description de l&rsquo;animal, ce qu&rsquo;il mange, et ses pr\u00e9dateurs naturels ! Pour apprendre tout en s&rsquo;amusant \ud83d\ude09<\/p>","protected":false},"excerpt":{"rendered":"<p>Jeu de memory, \u00e0 partir de 5 ans.<\/p>","protected":false},"featured_media":3473,"template":"","meta":{"_monsterinsights_skip_tracking":false,"_monsterinsights_sitenote_active":false,"_monsterinsights_sitenote_note":"","_monsterinsights_sitenote_category":0},"product_brand":[],"product_cat":[57],"product_tag":[],"class_list":{"0":"post-3472","1":"product","2":"type-product","3":"status-publish","4":"has-post-thumbnail","6":"product_cat-jeux","7":"product_shipping_class-lettre-suivie","9":"first","10":"instock","11":"taxable","12":"shipping-taxable","13":"purchasable","14":"product-type-simple"},"aioseo_notices":[],"_links":{"self":[{"href":"https:\/\/cppr-pandaroux.org\/en\/wp-json\/wp\/v2\/product\/3472","targetHints":{"allow":["GET"]}}],"collection":[{"href":"https:\/\/cppr-pandaroux.org\/en\/wp-json\/wp\/v2\/product"}],"about":[{"href":"https:\/\/cppr-pandaroux.org\/en\/wp-json\/wp\/v2\/types\/product"}],"wp:featuredmedia":[{"embeddable":true,"href":"https:\/\/cppr-pandaroux.org\/en\/wp-json\/wp\/v2\/media\/3473"}],"wp:attachment":[{"href":"https:\/\/cppr-pandaroux.org\/en\/wp-json\/wp\/v2\/media?parent=3472"}],"wp:term":[{"taxonomy":"product_brand","embeddable":true,"href":"https:\/\/cppr-pandaroux.org\/en\/wp-json\/wp\/v2\/product_brand?post=3472"},{"taxonomy":"product_cat","embeddable":true,"href":"https:\/\/cppr-pandaroux.org\/en\/wp-json\/wp\/v2\/product_cat?post=3472"},{"taxonomy":"product_tag","embeddable":true,"href":"https:\/\/cppr-pandaroux.org\/en\/wp-json\/wp\/v2\/product_tag?post=3472"}],"curies":[{"name":"wp","href":"https:\/\/api.w.org\/{rel}","templated":true}]}}