{"id":3210,"date":"2023-06-16T14:42:20","date_gmt":"2023-06-16T12:42:20","guid":{"rendered":"https:\/\/cppr-pandaroux.org\/?post_type=product&#038;p=3210"},"modified":"2025-12-18T07:41:03","modified_gmt":"2025-12-18T06:41:03","slug":"jeu-de-7-familles-cppr","status":"publish","type":"product","link":"https:\/\/cppr-pandaroux.org\/en\/boutique\/jeu-de-7-familles-cppr\/","title":{"rendered":"CPPR Game of 7 Families"},"content":{"rendered":"<p>Jeu de 7 familles \u00e0 l&rsquo;effigie du panda roux, cr\u00e9\u00e9 par les membres du CPPR. Retrouvez des pandas bricoleurs ou jardiniers, et rassemblez le plus de familles possible pour gagner la partie !<\/p>","protected":false},"excerpt":{"rendered":"<p>Jeu de 7 familles \u00e0 l&rsquo;effigie du panda roux<\/p>","protected":false},"featured_media":3211,"template":"","meta":{"_monsterinsights_skip_tracking":false,"_monsterinsights_sitenote_active":false,"_monsterinsights_sitenote_note":"","_monsterinsights_sitenote_category":0},"product_brand":[],"product_cat":[57],"product_tag":[],"class_list":{"0":"post-3210","1":"product","2":"type-product","3":"status-publish","4":"has-post-thumbnail","6":"product_cat-jeux","7":"product_shipping_class-lettre-suivie","9":"first","10":"instock","11":"taxable","12":"shipping-taxable","13":"purchasable","14":"product-type-simple"},"aioseo_notices":[],"_links":{"self":[{"href":"https:\/\/cppr-pandaroux.org\/en\/wp-json\/wp\/v2\/product\/3210","targetHints":{"allow":["GET"]}}],"collection":[{"href":"https:\/\/cppr-pandaroux.org\/en\/wp-json\/wp\/v2\/product"}],"about":[{"href":"https:\/\/cppr-pandaroux.org\/en\/wp-json\/wp\/v2\/types\/product"}],"wp:featuredmedia":[{"embeddable":true,"href":"https:\/\/cppr-pandaroux.org\/en\/wp-json\/wp\/v2\/media\/3211"}],"wp:attachment":[{"href":"https:\/\/cppr-pandaroux.org\/en\/wp-json\/wp\/v2\/media?parent=3210"}],"wp:term":[{"taxonomy":"product_brand","embeddable":true,"href":"https:\/\/cppr-pandaroux.org\/en\/wp-json\/wp\/v2\/product_brand?post=3210"},{"taxonomy":"product_cat","embeddable":true,"href":"https:\/\/cppr-pandaroux.org\/en\/wp-json\/wp\/v2\/product_cat?post=3210"},{"taxonomy":"product_tag","embeddable":true,"href":"https:\/\/cppr-pandaroux.org\/en\/wp-json\/wp\/v2\/product_tag?post=3210"}],"curies":[{"name":"wp","href":"https:\/\/api.w.org\/{rel}","templated":true}]}}