{"id":197,"date":"2020-06-09T12:54:24","date_gmt":"2020-06-09T10:54:24","guid":{"rendered":"https:\/\/cppr-pandaroux.org\/boutique\/bracelet-bresilien\/"},"modified":"2023-08-24T07:10:35","modified_gmt":"2023-08-24T05:10:35","slug":"bracelet-bresilien","status":"publish","type":"product","link":"https:\/\/cppr-pandaroux.org\/en\/boutique\/bracelet-bresilien\/","title":{"rendered":"Brazilian Bracelet"},"content":{"rendered":"<p>Bracelet br\u00e9silien en coton moulin\u00e9, fait \u00e0 la main par les b\u00e9n\u00e9voles du CPPR. Existe en deux coloris (orange ou vert), pour des poignets de 16 \u00e0 18 cm de circonf\u00e9rence. Pour une dimension particuli\u00e8re, merci de nous contacter.<\/p>","protected":false},"excerpt":{"rendered":"<p>Bracelet br\u00e9silien en coton moulin\u00e9, fait \u00e0 la main par les b\u00e9n\u00e9voles du CPPR.<\/p>","protected":false},"featured_media":763,"template":"","meta":{"_monsterinsights_skip_tracking":false,"_monsterinsights_sitenote_active":false,"_monsterinsights_sitenote_note":"","_monsterinsights_sitenote_category":0},"product_brand":[],"product_cat":[41],"product_tag":[],"class_list":{"0":"post-197","1":"product","2":"type-product","3":"status-publish","4":"has-post-thumbnail","6":"product_cat-textiles","7":"product_shipping_class-lettre-suivie","9":"first","10":"outofstock","11":"taxable","12":"shipping-taxable","13":"purchasable","14":"product-type-variable"},"aioseo_notices":[],"_links":{"self":[{"href":"https:\/\/cppr-pandaroux.org\/en\/wp-json\/wp\/v2\/product\/197","targetHints":{"allow":["GET"]}}],"collection":[{"href":"https:\/\/cppr-pandaroux.org\/en\/wp-json\/wp\/v2\/product"}],"about":[{"href":"https:\/\/cppr-pandaroux.org\/en\/wp-json\/wp\/v2\/types\/product"}],"wp:featuredmedia":[{"embeddable":true,"href":"https:\/\/cppr-pandaroux.org\/en\/wp-json\/wp\/v2\/media\/763"}],"wp:attachment":[{"href":"https:\/\/cppr-pandaroux.org\/en\/wp-json\/wp\/v2\/media?parent=197"}],"wp:term":[{"taxonomy":"product_brand","embeddable":true,"href":"https:\/\/cppr-pandaroux.org\/en\/wp-json\/wp\/v2\/product_brand?post=197"},{"taxonomy":"product_cat","embeddable":true,"href":"https:\/\/cppr-pandaroux.org\/en\/wp-json\/wp\/v2\/product_cat?post=197"},{"taxonomy":"product_tag","embeddable":true,"href":"https:\/\/cppr-pandaroux.org\/en\/wp-json\/wp\/v2\/product_tag?post=197"}],"curies":[{"name":"wp","href":"https:\/\/api.w.org\/{rel}","templated":true}]}}