{"id":181,"date":"2020-04-11T19:59:57","date_gmt":"2020-04-11T17:59:57","guid":{"rendered":"https:\/\/cppr-pandaroux.org\/boutique\/adopte-un-arbre\/"},"modified":"2025-12-31T14:18:58","modified_gmt":"2025-12-31T13:18:58","slug":"adopte-un-arbre","status":"publish","type":"product","link":"https:\/\/cppr-pandaroux.org\/en\/boutique\/adopte-un-arbre\/","title":{"rendered":"Adopt a tree"},"content":{"rendered":"<p>Parrainez un arbre pour contribuer au reboisement de l&rsquo;habitat du panda roux. Il sera achet\u00e9 et replant\u00e9 au N\u00e9pal, dans une zone marqu\u00e9e par la d\u00e9forestation. Le logo de notre campagne repr\u00e9sente un pin de l&rsquo;Himalaya, sur lequel pousse le lichen orange qui permet au panda roux de se camoufler dans la journ\u00e9e.<\/p>","protected":false},"excerpt":{"rendered":"<p>Parrainez un arbre !<\/p>","protected":false},"featured_media":1236,"template":"","meta":{"_monsterinsights_skip_tracking":false,"_monsterinsights_sitenote_active":false,"_monsterinsights_sitenote_note":"","_monsterinsights_sitenote_category":0},"product_brand":[],"product_cat":[28],"product_tag":[],"class_list":{"0":"post-181","1":"product","2":"type-product","3":"status-publish","4":"has-post-thumbnail","6":"product_cat-adopte-un-arbre","8":"first","9":"instock","10":"virtual","11":"purchasable","12":"product-type-simple"},"aioseo_notices":[],"_links":{"self":[{"href":"https:\/\/cppr-pandaroux.org\/en\/wp-json\/wp\/v2\/product\/181","targetHints":{"allow":["GET"]}}],"collection":[{"href":"https:\/\/cppr-pandaroux.org\/en\/wp-json\/wp\/v2\/product"}],"about":[{"href":"https:\/\/cppr-pandaroux.org\/en\/wp-json\/wp\/v2\/types\/product"}],"wp:featuredmedia":[{"embeddable":true,"href":"https:\/\/cppr-pandaroux.org\/en\/wp-json\/wp\/v2\/media\/1236"}],"wp:attachment":[{"href":"https:\/\/cppr-pandaroux.org\/en\/wp-json\/wp\/v2\/media?parent=181"}],"wp:term":[{"taxonomy":"product_brand","embeddable":true,"href":"https:\/\/cppr-pandaroux.org\/en\/wp-json\/wp\/v2\/product_brand?post=181"},{"taxonomy":"product_cat","embeddable":true,"href":"https:\/\/cppr-pandaroux.org\/en\/wp-json\/wp\/v2\/product_cat?post=181"},{"taxonomy":"product_tag","embeddable":true,"href":"https:\/\/cppr-pandaroux.org\/en\/wp-json\/wp\/v2\/product_tag?post=181"}],"curies":[{"name":"wp","href":"https:\/\/api.w.org\/{rel}","templated":true}]}}