{"id":1259,"date":"2021-04-10T22:22:58","date_gmt":"2021-04-10T20:22:58","guid":{"rendered":"https:\/\/cppr-pandaroux.org\/?post_type=product&#038;p=1259"},"modified":"2025-12-21T13:29:50","modified_gmt":"2025-12-21T12:29:50","slug":"la-course-aux-bambous","status":"publish","type":"product","link":"https:\/\/cppr-pandaroux.org\/en\/boutique\/la-course-aux-bambous\/","title":{"rendered":"The bamboo's chase"},"content":{"rendered":"<p>La course aux bambous est un jeu de soci\u00e9t\u00e9 \u00e0 partir de 8 ans, pour d\u00e9couvrir le panda roux tout en s&rsquo;amusant !<\/p>\n<p>N&rsquo;h\u00e9sitez pas \u00e0 regarder notre vid\u00e9o de pr\u00e9sentation sur youtube : https:\/\/www.youtube.com\/watch?v=AWV_z8pXvko&amp;t=2s<\/p>\n<p>Ou scannez directement le QR code pour regarder la vid\u00e9o \ud83d\ude09<\/p>","protected":false},"excerpt":{"rendered":"<p>jeu de soci\u00e9t\u00e9<\/p>","protected":false},"featured_media":3372,"template":"","meta":{"_monsterinsights_skip_tracking":false,"_monsterinsights_sitenote_active":false,"_monsterinsights_sitenote_note":"","_monsterinsights_sitenote_category":0},"product_brand":[],"product_cat":[57],"product_tag":[],"class_list":{"0":"post-1259","1":"product","2":"type-product","3":"status-publish","4":"has-post-thumbnail","6":"product_cat-jeux","8":"first","9":"instock","10":"taxable","11":"shipping-taxable","12":"purchasable","13":"product-type-simple"},"aioseo_notices":[],"_links":{"self":[{"href":"https:\/\/cppr-pandaroux.org\/en\/wp-json\/wp\/v2\/product\/1259","targetHints":{"allow":["GET"]}}],"collection":[{"href":"https:\/\/cppr-pandaroux.org\/en\/wp-json\/wp\/v2\/product"}],"about":[{"href":"https:\/\/cppr-pandaroux.org\/en\/wp-json\/wp\/v2\/types\/product"}],"wp:featuredmedia":[{"embeddable":true,"href":"https:\/\/cppr-pandaroux.org\/en\/wp-json\/wp\/v2\/media\/3372"}],"wp:attachment":[{"href":"https:\/\/cppr-pandaroux.org\/en\/wp-json\/wp\/v2\/media?parent=1259"}],"wp:term":[{"taxonomy":"product_brand","embeddable":true,"href":"https:\/\/cppr-pandaroux.org\/en\/wp-json\/wp\/v2\/product_brand?post=1259"},{"taxonomy":"product_cat","embeddable":true,"href":"https:\/\/cppr-pandaroux.org\/en\/wp-json\/wp\/v2\/product_cat?post=1259"},{"taxonomy":"product_tag","embeddable":true,"href":"https:\/\/cppr-pandaroux.org\/en\/wp-json\/wp\/v2\/product_tag?post=1259"}],"curies":[{"name":"wp","href":"https:\/\/api.w.org\/{rel}","templated":true}]}}