{"id":94,"date":"2020-06-22T01:15:24","date_gmt":"2020-06-21T23:15:24","guid":{"rendered":"https:\/\/cppr-pandaroux.org\/?page_id=94"},"modified":"2025-08-06T14:42:23","modified_gmt":"2025-08-06T12:42:23","slug":"mentions-legales","status":"publish","type":"page","link":"https:\/\/cppr-pandaroux.org\/en\/mentions-legales\/","title":{"rendered":"Terms"},"content":{"rendered":"<div style=\"background-color:#F0F0F2;padding:20px 20px 0px 20px; border-radius:10px;\"><p> The CPPR is a non-lucrative association, governed by the law of 1901.<br><br>\r\n<strong>Head of publication<\/strong>&nbsp;: H\u00e9l\u00e8ne ALLAIRE<br>\r\n<strong>Contact info<\/strong>&nbsp;: <em>4 route du Roncier, 76890 Saint-Victor l\u2019Abbaye <\/em> &#8211; <a rel=\"noreferrer noopener\" href=\"mailto:ailurusfulgens.cppr@gmail.com\" target=\"_blank\">Contact email<\/a><br><strong>Intra-community VAT number<\/strong> : FR51803987908<br>\r\nConsult the <a href=\"https:\/\/cppr-pandaroux.org\/conditions-generales-de-vente\" target=\"_blank\" rel=\"noreferrer noopener\">General conditions of sales<\/a><br>\r\nConsulter l&rsquo;<a href=\"https:\/\/cppr-pandaroux.org\/aeu-legal-environmental-notice\" target=\"_blank\" >Engagement pour l&rsquo;environnement<\/a><br>\r\nConsult the <a href=\"https:\/\/cppr-pandaroux.org\/politique-de-confidentialite\" target=\"_blank\" >Privacy Policy<\/a><\/p><div id=\"ez-toc-container\" class=\"ez-toc-v2_0_82_2 ez-toc-wrap-right-text counter-hierarchy ez-toc-counter ez-toc-custom ez-toc-container-direction\">\n<div class=\"ez-toc-title-container\">\n<p class=\"ez-toc-title\" style=\"cursor:inherit\">Sommaire<\/p>\n<span class=\"ez-toc-title-toggle\"><a href=\"#\" class=\"ez-toc-pull-right ez-toc-btn ez-toc-btn-xs ez-toc-btn-default ez-toc-toggle\" aria-label=\"Toggle Table of Content\"><span class=\"ez-toc-js-icon-con\"><span class=\"\"><span class=\"eztoc-hide\" style=\"display:none;\">Toggle<\/span><span class=\"ez-toc-icon-toggle-span\"><svg style=\"fill: #ffffff;color:#ffffff\" xmlns=\"http:\/\/www.w3.org\/2000\/svg\" class=\"list-377408\" width=\"20px\" height=\"20px\" viewbox=\"0 0 24 24\" fill=\"none\"><path d=\"M6 6H4v2h2V6zm14 0H8v2h12V6zM4 11h2v2H4v-2zm16 0H8v2h12v-2zM4 16h2v2H4v-2zm16 0H8v2h12v-2z\" fill=\"currentColor\"><\/path><\/svg><svg style=\"fill: #ffffff;color:#ffffff\" class=\"arrow-unsorted-368013\" xmlns=\"http:\/\/www.w3.org\/2000\/svg\" width=\"10px\" height=\"10px\" viewbox=\"0 0 24 24\" version=\"1.2\" baseprofile=\"tiny\"><path d=\"M18.2 9.3l-6.2-6.3-6.2 6.3c-.2.2-.3.4-.3.7s.1.5.3.7c.2.2.4.3.7.3h11c.3 0 .5-.1.7-.3.2-.2.3-.5.3-.7s-.1-.5-.3-.7zM5.8 14.7l6.2 6.3 6.2-6.3c.2-.2.3-.5.3-.7s-.1-.5-.3-.7c-.2-.2-.4-.3-.7-.3h-11c-.3 0-.5.1-.7.3-.2.2-.3.5-.3.7s.1.5.3.7z\"\/><\/svg><\/span><\/span><\/span><\/a><\/span><\/div>\n<nav><ul class='ez-toc-list ez-toc-list-level-1' ><li class='ez-toc-page-1 ez-toc-heading-level-2'><a class=\"ez-toc-link ez-toc-heading-1\" href=\"https:\/\/cppr-pandaroux.org\/en\/mentions-legales\/#Informations_generales_relatives_la_protection_des_donnees\" >General informations to the protection of data<\/a><\/li><li class='ez-toc-page-1 ez-toc-heading-level-2'><a class=\"ez-toc-link ez-toc-heading-2\" href=\"https:\/\/cppr-pandaroux.org\/en\/mentions-legales\/#Liens\" >Links<\/a><\/li><li class='ez-toc-page-1 ez-toc-heading-level-2'><a class=\"ez-toc-link ez-toc-heading-3\" href=\"https:\/\/cppr-pandaroux.org\/en\/mentions-legales\/#Credits\" >Credits<\/a><\/li><\/ul><\/nav><\/div>\n <\/div>\r\n\r\n\r\n<h2 class=\"wp-block-heading\"><span class=\"ez-toc-section\" id=\"Informations_generales_relatives_la_protection_des_donnees\"><\/span><strong>General informations to the protection of data<\/strong><span class=\"ez-toc-section-end\"><\/span><\/h2>\r\n\r\n\r\n\r\n<p>Les donn\u00e9es personnelles collect\u00e9es servent au traitement des commandes. Elles sont conserv\u00e9es tant que le compte client reste ouvert. Le client dispose d\u2019un droit d\u2019acc\u00e8s, de modification, de rectification et de suppression des donn\u00e9es qui le concernent. Il lui suffit de nous \u00e9crire en ligne \u00e0 <a rel=\"noreferrer noopener\" href=\"mailto:ailurusfulgens.cppr@gmail.com\" target=\"_blank\">cette adresse email<\/a>, or by mail to <em>CPPR \u2014 4 route du Roncier, 76890 Saint-Victor l\u2019Abbaye<\/em>.<\/p>\r\n\r\n\r\n\r\n<p>The CPPR undertakes not to transmit personal data outside of payment service providers and parcel carriers, and to notify the CNIL (Commission Nationale de l'Informatique et des Libert\u00e9s) within 72 hours in the event of an intrusion, in accordance with the legislation.<\/p>\r\n\r\n\r\n\r\n<h2 class=\"wp-block-heading\"><span class=\"ez-toc-section\" id=\"Liens\"><\/span>Links<span class=\"ez-toc-section-end\"><\/span><\/h2>\r\n\r\n\r\n\r\n<p>CPPR shall not be held responsible for hyperlinks to other sites, particularly with regard to the content of these sites. CPPR is not responsible for hyperlinks to this site and prohibits any person from setting up such a link without its prior written authorisation.<\/p>\r\n\r\n\r\n\r\n<h2 class=\"wp-block-heading\"><span class=\"ez-toc-section\" id=\"Credits\"><\/span>Credits<span class=\"ez-toc-section-end\"><\/span><\/h2>\r\n\r\n\r\n\r\n<p><strong>Webmaster :<\/strong> Laetitia Morel &#8211; <a rel=\"noreferrer noopener\" href=\"mailto:laetitia.laversin@gmail.com\" target=\"_blank\"> Signaler un probl\u00e8me technique<\/a><br>\r\n<strong>Concept and production :<\/strong> <a rel=\"noreferrer noopener\" href=\"https:\/\/www.linkedin.com\/in\/raphael-brogat\/\" target=\"_blank\">Rapha\u00ebl BROGAT<\/a>, <a rel=\"noreferrer noopener\" href=\"https:\/\/www.linkedin.com\/in\/pierre-douet-insa\/\" target=\"_blank\">Pierre DOUET<\/a>, <a rel=\"noreferrer noopener\" href=\"https:\/\/gaspardphilibert.com\/\" target=\"_blank\">Gaspard PHILIBERT<\/a> and Rapha\u00ebl SFEIR<br>\r\nThe site was created using <a rel=\"noreferrer noopener\" href=\"https:\/\/woocommerce.com\/\" target=\"_blank\">WooCommerce<\/a> (shop) and <a href=\"https:\/\/fr.wordpress.org\" target=\"_blank\" rel=\"noreferrer noopener\">WordPress<\/a>.<\/p>","protected":false},"excerpt":{"rendered":"<p>L\u2019Association Conna\u00eetre et Prot\u00e9ger le Panda Roux \u2014 CPPR est une association \u00e0 but non lucratif, r\u00e9gie par la loi de 1901. Directrice de publication&nbsp;: H\u00e9l\u00e8ne ALLAIRE Coordonn\u00e9es&nbsp;: 4 route du Roncier, 76890 Saint-Victor l\u2019Abbaye &#8211; Contact emailNum\u00e9ro de TVA intracommunautaire : FR51803987908 Consulter les Conditions g\u00e9n\u00e9rales de vente Consulter l&rsquo;Engagement pour l&rsquo;environnement Consulter la [&hellip;]<\/p>\n","protected":false},"author":1,"featured_media":0,"parent":0,"menu_order":0,"comment_status":"closed","ping_status":"closed","template":"","meta":{"_monsterinsights_skip_tracking":false,"_monsterinsights_sitenote_active":false,"_monsterinsights_sitenote_note":"","_monsterinsights_sitenote_category":0,"footnotes":""},"class_list":["post-94","page","type-page","status-publish","hentry"],"aioseo_notices":[],"_links":{"self":[{"href":"https:\/\/cppr-pandaroux.org\/en\/wp-json\/wp\/v2\/pages\/94","targetHints":{"allow":["GET"]}}],"collection":[{"href":"https:\/\/cppr-pandaroux.org\/en\/wp-json\/wp\/v2\/pages"}],"about":[{"href":"https:\/\/cppr-pandaroux.org\/en\/wp-json\/wp\/v2\/types\/page"}],"author":[{"embeddable":true,"href":"https:\/\/cppr-pandaroux.org\/en\/wp-json\/wp\/v2\/users\/1"}],"replies":[{"embeddable":true,"href":"https:\/\/cppr-pandaroux.org\/en\/wp-json\/wp\/v2\/comments?post=94"}],"version-history":[{"count":20,"href":"https:\/\/cppr-pandaroux.org\/en\/wp-json\/wp\/v2\/pages\/94\/revisions"}],"predecessor-version":[{"id":3870,"href":"https:\/\/cppr-pandaroux.org\/en\/wp-json\/wp\/v2\/pages\/94\/revisions\/3870"}],"wp:attachment":[{"href":"https:\/\/cppr-pandaroux.org\/en\/wp-json\/wp\/v2\/media?parent=94"}],"curies":[{"name":"wp","href":"https:\/\/api.w.org\/{rel}","templated":true}]}}