{"id":538,"date":"2020-06-27T00:22:30","date_gmt":"2020-06-26T22:22:30","guid":{"rendered":"https:\/\/cppr-pandaroux.org\/?page_id=521"},"modified":"2021-04-25T00:48:58","modified_gmt":"2021-04-24T22:48:58","slug":"nous-rejoindre","status":"publish","type":"page","link":"https:\/\/cppr-pandaroux.org\/en\/lassociation-cppr\/bureau-du-cppr\/nous-rejoindre\/","title":{"rendered":"Join us"},"content":{"rendered":"<p>To join the association, simply print this form, fill it out and return it with a check made payable to CPPR.<\/p>\n\n\n\n<p class=\" translation-block\">You can also make a <a rel=\"noreferrer noopener\" href=\"https:\/\/cppr-pandaroux.org\/2020\/07\/31\/iban-du-cppr\/\" target=\"_self\"> bank transfer <\/a> and send us your scanned or digitally completed newsletter to the following email address: <a href=\"mailto:ailurusfulgens.cppr@gmail.com\" target=\"_self\">ailurusfulgens.cppr@gmail.com <\/a><\/p>\n\n\n\n<p>Finally, you can also join online directly via HelloAsso by clicking on this link: <a href=\"https:\/\/www.helloasso.com\/associations\/connaitre-et-proteger-le-panda-roux-c-p-p-r\/adhesions\/formulaire-d-adhesion-cppr-1\" target=\"_blank\" rel=\"noreferrer noopener\">https:\/\/www.helloasso.com\/associations\/connaitre-et-proteger-le-panda-roux-c-p-p-r\/adhesions\/formulaire-d-adhesion-cppr-1<\/a><\/p>\n\n\n\n<p>The pdf format is available at the bottom of the page.<\/p>\n\n\n\n<figure class=\"wp-block-image size-large\"><img loading=\"lazy\" decoding=\"async\" width=\"724\" height=\"1024\" src=\"https:\/\/cppr-pandaroux.org\/app\/uploads\/2020\/08\/Bulletin-dadh\u00e9sion-et-de-versement-de-don-CPPR-724x1024.png\" alt=\"\" class=\"wp-image-1054\" srcset=\"https:\/\/cppr-pandaroux.org\/app\/uploads\/2020\/08\/Bulletin-dadh\u00e9sion-et-de-versement-de-don-CPPR-724x1024.png 724w, https:\/\/cppr-pandaroux.org\/app\/uploads\/2020\/08\/Bulletin-dadh\u00e9sion-et-de-versement-de-don-CPPR-212x300.png 212w, https:\/\/cppr-pandaroux.org\/app\/uploads\/2020\/08\/Bulletin-dadh\u00e9sion-et-de-versement-de-don-CPPR-768x1086.png 768w, https:\/\/cppr-pandaroux.org\/app\/uploads\/2020\/08\/Bulletin-dadh\u00e9sion-et-de-versement-de-don-CPPR-1086x1536.png 1086w, https:\/\/cppr-pandaroux.org\/app\/uploads\/2020\/08\/Bulletin-dadh\u00e9sion-et-de-versement-de-don-CPPR-8x12.png 8w, https:\/\/cppr-pandaroux.org\/app\/uploads\/2020\/08\/Bulletin-dadh\u00e9sion-et-de-versement-de-don-CPPR-300x424.png 300w, https:\/\/cppr-pandaroux.org\/app\/uploads\/2020\/08\/Bulletin-dadh\u00e9sion-et-de-versement-de-don-CPPR.png 1414w\" sizes=\"auto, (max-width: 724px) 100vw, 724px\" \/><\/figure>\n\n\n\n<div class=\"wp-block-file\"><a href=\"https:\/\/cppr-pandaroux.org\/app\/uploads\/2020\/08\/Bulletin-dadh\u00e9sion-et-de-versement-de-don-CPPR.pdf\" target=\"_blank\" rel=\"noreferrer noopener\">CPPR membership and donation payment form<\/a><a href=\"https:\/\/cppr-pandaroux.org\/app\/uploads\/2020\/08\/Bulletin-dadh\u00e9sion-et-de-versement-de-don-CPPR.pdf\" class=\"wp-block-file__button\" download>Download<\/a><\/div>\n\n\n\n<p><\/p>","protected":false},"excerpt":{"rendered":"<p>Pour adh\u00e9rer \u00e0 l&rsquo;association, il vous suffit d&rsquo;imprimer ce bulletin, de le remplir et de le renvoyer accompagn\u00e9 d&rsquo;un ch\u00e8que \u00e0 l&rsquo;ordre du CPPR. Vous pouvez \u00e9galement effectuer un virement bancaire, et nous envoyer votre bulletin scann\u00e9, ou rempli num\u00e9riquement, \u00e0 l&rsquo;adresse mail suivante : ailurusfulgens.cppr@gmail.com Enfin, vous pouvez \u00e9galement adh\u00e9rer en ligne directement via [&hellip;]<\/p>\n","protected":false},"author":1,"featured_media":0,"parent":317,"menu_order":0,"comment_status":"closed","ping_status":"closed","template":"","meta":{"_monsterinsights_skip_tracking":false,"_monsterinsights_sitenote_active":false,"_monsterinsights_sitenote_note":"","_monsterinsights_sitenote_category":0,"footnotes":""},"class_list":["post-538","page","type-page","status-publish","hentry"],"aioseo_notices":[],"_links":{"self":[{"href":"https:\/\/cppr-pandaroux.org\/en\/wp-json\/wp\/v2\/pages\/538","targetHints":{"allow":["GET"]}}],"collection":[{"href":"https:\/\/cppr-pandaroux.org\/en\/wp-json\/wp\/v2\/pages"}],"about":[{"href":"https:\/\/cppr-pandaroux.org\/en\/wp-json\/wp\/v2\/types\/page"}],"author":[{"embeddable":true,"href":"https:\/\/cppr-pandaroux.org\/en\/wp-json\/wp\/v2\/users\/1"}],"replies":[{"embeddable":true,"href":"https:\/\/cppr-pandaroux.org\/en\/wp-json\/wp\/v2\/comments?post=538"}],"version-history":[{"count":13,"href":"https:\/\/cppr-pandaroux.org\/en\/wp-json\/wp\/v2\/pages\/538\/revisions"}],"predecessor-version":[{"id":1277,"href":"https:\/\/cppr-pandaroux.org\/en\/wp-json\/wp\/v2\/pages\/538\/revisions\/1277"}],"up":[{"embeddable":true,"href":"https:\/\/cppr-pandaroux.org\/en\/wp-json\/wp\/v2\/pages\/317"}],"wp:attachment":[{"href":"https:\/\/cppr-pandaroux.org\/en\/wp-json\/wp\/v2\/media?parent=538"}],"curies":[{"name":"wp","href":"https:\/\/api.w.org\/{rel}","templated":true}]}}