{"id":470,"date":"2020-06-26T16:24:31","date_gmt":"2020-06-26T14:24:31","guid":{"rendered":"https:\/\/cppr-pandaroux.org\/?page_id=470"},"modified":"2025-08-06T14:17:22","modified_gmt":"2025-08-06T12:17:22","slug":"journee-internationale-du-panda-roux","status":"publish","type":"page","link":"https:\/\/cppr-pandaroux.org\/en\/nos-actions\/journee-internationale-du-panda-roux\/","title":{"rendered":"International Red Panda Day"},"content":{"rendered":"<p>The International Red Panda Day is an initiative of the Red Panda Network (RPN). It exists since 2010 and takes place on the third Saturday of September!<\/p>\r\n\r\n\r\n\r\n<div class=\"wp-block-image\"><figure class=\"aligncenter\"><img decoding=\"async\" src=\"http:\/\/static.blog4ever.com\/2013\/12\/759144\/artfichier_759144_3519338_201403112311202.jpg\" alt=\"RPD.jpg\"\/><\/figure><\/div>\r\n\r\n\r\n\r\n<p>The aim of the special day is to raise awareness about the conservation of the small panda while raising funds for RPN, which will use the money to train rangers and continue its field research on the red panda's habitat. With the funds raised, RPN also plans to build a conservation centre in Nepal, which will educate visitors about the value of local natural resources and the unique species that has made it its home, the red panda.<\/p>\r\n\r\n\r\n\r\n<p>For more information on the RPN and its work in Nepal, please visit their website: <a href=\"https:\/\/www.redpandanetwork.org\/\" target=\"_blank\" rel=\"noreferrer noopener\">https:\/\/www.redpandanetwork.org\/<\/a><\/p>\r\n\r\n\r\n\r\n<p>What activities can be offered on this occasion?<\/p>\r\n\r\n\r\n\r\n<p>Whether you are a zoo, a school, a leisure centre or even an individual, here are a number of fun activities you can organise on International Red Panda Day:<\/p>\r\n\r\n\r\n\r\n<p>- Making of masks, make-up, origami...<\/p>\r\n\r\n\r\n\r\n<p>- Reading of stories (the CPPR offers some on the website)<\/p>\r\n\r\n\r\n\r\n<p>- Conference on the conservation of endangered species (with the example of the red panda!)<\/p>\r\n\r\n\r\n\r\n<p>- Putting up explanatory signs to raise awareness<\/p>\r\n\r\n\r\n\r\n<p>- Red Panda Ranger\" pack (*) (download from <a rel=\"noreferrer noopener\" href=\"https:\/\/www.redpandanetwork.org\/get-involved\/red-panda-ranger\/\" target=\"_blank\">here<\/a> )<\/p>\r\n\r\n\r\n\r\n<p>- Drawing competition<\/p>\r\n\r\n\r\n\r\n<p>\u2013 Tombola<\/p>\r\n\r\n\r\n\r\n<p>- Stand with explanatory panels and sale of various objects (photos, frames, badges, key rings, soft toys, etc.)<\/p>\r\n\r\n\r\n\r\n<p>If you have other ideas, don't hesitate to share them with us!<\/p>\r\n\r\n\r\n\r\n<p>(*) \"Red Panda Ranger\" is a special title given to children who help spread the word, raising awareness about the red panda. To become a \"Red Panda Ranger\" you have to \"climb\" each of the five mountains on the given map by completing activities for each level.<\/p>","protected":false},"excerpt":{"rendered":"<p>La journ\u00e9e internationale du panda roux (International Red Panda Day, en anglais) est une initiative de l\u2019association Red Panda Network (RPN). Elle existe depuis 2010 et se d\u00e9roule le troisi\u00e8me samedi du mois de septembre ! Le but de cette journ\u00e9e sp\u00e9ciale est de sensibiliser la population \u00e0 la pr\u00e9servation du petit panda tout en [&hellip;]<\/p>\n","protected":false},"author":1,"featured_media":0,"parent":3852,"menu_order":0,"comment_status":"closed","ping_status":"closed","template":"","meta":{"_monsterinsights_skip_tracking":false,"_monsterinsights_sitenote_active":false,"_monsterinsights_sitenote_note":"","_monsterinsights_sitenote_category":0,"footnotes":""},"class_list":["post-470","page","type-page","status-publish","hentry"],"aioseo_notices":[],"_links":{"self":[{"href":"https:\/\/cppr-pandaroux.org\/en\/wp-json\/wp\/v2\/pages\/470","targetHints":{"allow":["GET"]}}],"collection":[{"href":"https:\/\/cppr-pandaroux.org\/en\/wp-json\/wp\/v2\/pages"}],"about":[{"href":"https:\/\/cppr-pandaroux.org\/en\/wp-json\/wp\/v2\/types\/page"}],"author":[{"embeddable":true,"href":"https:\/\/cppr-pandaroux.org\/en\/wp-json\/wp\/v2\/users\/1"}],"replies":[{"embeddable":true,"href":"https:\/\/cppr-pandaroux.org\/en\/wp-json\/wp\/v2\/comments?post=470"}],"version-history":[{"count":3,"href":"https:\/\/cppr-pandaroux.org\/en\/wp-json\/wp\/v2\/pages\/470\/revisions"}],"predecessor-version":[{"id":1376,"href":"https:\/\/cppr-pandaroux.org\/en\/wp-json\/wp\/v2\/pages\/470\/revisions\/1376"}],"up":[{"embeddable":true,"href":"https:\/\/cppr-pandaroux.org\/en\/wp-json\/wp\/v2\/pages\/3852"}],"wp:attachment":[{"href":"https:\/\/cppr-pandaroux.org\/en\/wp-json\/wp\/v2\/media?parent=470"}],"curies":[{"name":"wp","href":"https:\/\/api.w.org\/{rel}","templated":true}]}}