{"id":3955,"date":"2025-08-06T17:30:34","date_gmt":"2025-08-06T15:30:34","guid":{"rendered":"https:\/\/cppr-pandaroux.org\/?page_id=3955"},"modified":"2025-08-08T17:04:55","modified_gmt":"2025-08-08T15:04:55","slug":"bhoutan","status":"publish","type":"page","link":"https:\/\/cppr-pandaroux.org\/en\/nos-actions\/bhoutan\/","title":{"rendered":"Bhutan"},"content":{"rendered":"<div style=\"background-color: #f0f0f2; padding: 20px 20px 20px 20px; border-radius: 10px;\">During our mission in 2024, we met with some of the stakeholders involved in red panda conservation in Bhutan. These meetings led to the creation of projects:<\/div>\n<p><a href=\"https:\/\/cppr-pandaroux.org\/app\/uploads\/2025\/03\/logo-CPPR-Bhoutan.jpeg\"><img loading=\"lazy\" decoding=\"async\" class=\"aligncenter wp-image-3449\" src=\"https:\/\/cppr-pandaroux.org\/app\/uploads\/2025\/03\/logo-CPPR-Bhoutan-300x300.jpeg\" alt=\"Logo cppr Bhoutan\" width=\"200\" height=\"200\" srcset=\"https:\/\/cppr-pandaroux.org\/app\/uploads\/2025\/03\/logo-CPPR-Bhoutan-300x300.jpeg 300w, https:\/\/cppr-pandaroux.org\/app\/uploads\/2025\/03\/logo-CPPR-Bhoutan-1024x1024.jpeg 1024w, https:\/\/cppr-pandaroux.org\/app\/uploads\/2025\/03\/logo-CPPR-Bhoutan-150x150.jpeg 150w, https:\/\/cppr-pandaroux.org\/app\/uploads\/2025\/03\/logo-CPPR-Bhoutan-768x768.jpeg 768w, https:\/\/cppr-pandaroux.org\/app\/uploads\/2025\/03\/logo-CPPR-Bhoutan-1536x1536.jpeg 1536w, https:\/\/cppr-pandaroux.org\/app\/uploads\/2025\/03\/logo-CPPR-Bhoutan-12x12.jpeg 12w, https:\/\/cppr-pandaroux.org\/app\/uploads\/2025\/03\/logo-CPPR-Bhoutan-100x100.jpeg 100w, https:\/\/cppr-pandaroux.org\/app\/uploads\/2025\/03\/logo-CPPR-Bhoutan-50x50.jpeg 50w, https:\/\/cppr-pandaroux.org\/app\/uploads\/2025\/03\/logo-CPPR-Bhoutan.jpeg 1620w\" sizes=\"auto, (max-width: 200px) 100vw, 200px\" \/><\/a><\/p><div id=\"ez-toc-container\" class=\"ez-toc-v2_0_82_2 ez-toc-wrap-right-text counter-hierarchy ez-toc-counter ez-toc-custom ez-toc-container-direction\">\n<div class=\"ez-toc-title-container\">\n<p class=\"ez-toc-title\" style=\"cursor:inherit\">Sommaire<\/p>\n<span class=\"ez-toc-title-toggle\"><a href=\"#\" class=\"ez-toc-pull-right ez-toc-btn ez-toc-btn-xs ez-toc-btn-default ez-toc-toggle\" aria-label=\"Toggle Table of Content\"><span class=\"ez-toc-js-icon-con\"><span class=\"\"><span class=\"eztoc-hide\" style=\"display:none;\">Toggle<\/span><span class=\"ez-toc-icon-toggle-span\"><svg style=\"fill: #ffffff;color:#ffffff\" xmlns=\"http:\/\/www.w3.org\/2000\/svg\" class=\"list-377408\" width=\"20px\" height=\"20px\" viewbox=\"0 0 24 24\" fill=\"none\"><path d=\"M6 6H4v2h2V6zm14 0H8v2h12V6zM4 11h2v2H4v-2zm16 0H8v2h12v-2zM4 16h2v2H4v-2zm16 0H8v2h12v-2z\" fill=\"currentColor\"><\/path><\/svg><svg style=\"fill: #ffffff;color:#ffffff\" class=\"arrow-unsorted-368013\" xmlns=\"http:\/\/www.w3.org\/2000\/svg\" width=\"10px\" height=\"10px\" viewbox=\"0 0 24 24\" version=\"1.2\" baseprofile=\"tiny\"><path d=\"M18.2 9.3l-6.2-6.3-6.2 6.3c-.2.2-.3.4-.3.7s.1.5.3.7c.2.2.4.3.7.3h11c.3 0 .5-.1.7-.3.2-.2.3-.5.3-.7s-.1-.5-.3-.7zM5.8 14.7l6.2 6.3 6.2-6.3c.2-.2.3-.5.3-.7s-.1-.5-.3-.7c-.2-.2-.4-.3-.7-.3h-11c-.3 0-.5.1-.7.3-.2.2-.3.5-.3.7s.1.5.3.7z\"\/><\/svg><\/span><\/span><\/span><\/a><\/span><\/div>\n<nav><ul class='ez-toc-list ez-toc-list-level-1' ><li class='ez-toc-page-1 ez-toc-heading-level-2'><a class=\"ez-toc-link ez-toc-heading-1\" href=\"https:\/\/cppr-pandaroux.org\/en\/nos-actions\/bhoutan\/#Aspect_veterinaire\" >Veterinary aspect<\/a><\/li><li class='ez-toc-page-1 ez-toc-heading-level-2'><a class=\"ez-toc-link ez-toc-heading-2\" href=\"https:\/\/cppr-pandaroux.org\/en\/nos-actions\/bhoutan\/#Etude_et_sensibilisation\" >Study and awareness<\/a><\/li><li class='ez-toc-page-1 ez-toc-heading-level-2'><a class=\"ez-toc-link ez-toc-heading-3\" href=\"https:\/\/cppr-pandaroux.org\/en\/nos-actions\/bhoutan\/#Terrain\" >On the field<\/a><\/li><li class='ez-toc-page-1 ez-toc-heading-level-2'><a class=\"ez-toc-link ez-toc-heading-4\" href=\"https:\/\/cppr-pandaroux.org\/en\/nos-actions\/bhoutan\/#Recherche_scientifique\" >Scientific research<\/a><\/li><\/ul><\/nav><\/div>\n\n<h2><span class=\"ez-toc-section\" id=\"Aspect_veterinaire\"><\/span>Veterinary aspect<span class=\"ez-toc-section-end\"><\/span><\/h2>\n<p>\u2013 Help to create a care and rehabilitation center for small carnivores<br \/>\n\u2013 Rescue and data collection training<br \/>\n- Vaccination and sterilisation campaign for stray dogs<br \/>\n\u2013 Material, human and\/or financial support<\/p>\n<h2><span class=\"ez-toc-section\" id=\"Etude_et_sensibilisation\"><\/span>Study and awareness<span class=\"ez-toc-section-end\"><\/span><\/h2>\n<p>\u2013 Creation of goodies to finance projects and help the local economy<br \/>\n\u2013 Training of local populations (guides and educators specializing in red pandas)<br \/>\n&#8211; Sensibilisation des enfants et communaut\u00e9s locales<br \/>\n\u2013 Development of educational materials for farmers<\/p>\n<h2><span class=\"ez-toc-section\" id=\"Terrain\"><\/span>On the field<span class=\"ez-toc-section-end\"><\/span><\/h2>\n<p>\u2013 Training and equipment for local rangers (GPS, camera traps, GPS collars, etc.)<br \/>\n\u2013 Establishment of local plant nurseries, essential for the red panda\u2019s habitat<br \/>\n\u2013 Planting bamboo and others<\/p>\n<h2><span class=\"ez-toc-section\" id=\"Recherche_scientifique\"><\/span>Scientific research<span class=\"ez-toc-section-end\"><\/span><\/h2>\n<p>\u2013 Mapping red panda habitats and studying populations<br \/>\n\u2013 Analysis of panda diets, reproduction and habits<br \/>\n\u2013 Population monitoring by radio telemetry<\/p>\n<p><a href=\"https:\/\/cppr-pandaroux.org\/app\/uploads\/2025\/07\/IMG_2271.jpeg\"><img loading=\"lazy\" decoding=\"async\" class=\"size-medium wp-image-3676 aligncenter\" src=\"https:\/\/cppr-pandaroux.org\/app\/uploads\/2025\/07\/IMG_2271-300x226.jpeg\" alt=\"\" width=\"300\" height=\"226\" srcset=\"https:\/\/cppr-pandaroux.org\/app\/uploads\/2025\/07\/IMG_2271-300x226.jpeg 300w, https:\/\/cppr-pandaroux.org\/app\/uploads\/2025\/07\/IMG_2271-768x578.jpeg 768w, https:\/\/cppr-pandaroux.org\/app\/uploads\/2025\/07\/IMG_2271-16x12.jpeg 16w, https:\/\/cppr-pandaroux.org\/app\/uploads\/2025\/07\/IMG_2271.jpeg 942w\" sizes=\"auto, (max-width: 300px) 100vw, 300px\" \/><\/a><\/p>","protected":false},"excerpt":{"rendered":"<p>Lors de notre mission en 2024, nous avons rencontr\u00e9 quelques acteurs de la conservation du panda roux au Bhoutan. De ces rencontres sont n\u00e9s des projets : Aspect v\u00e9t\u00e9rinaire &#8211; Aide \u00e0 la cr\u00e9ation d\u2019un centre de soin et de r\u00e9habilitation pour petits carnivores &#8211; Formation au sauvetage et \u00e0 la collecte de donn\u00e9es &#8211; [&hellip;]<\/p>\n","protected":false},"author":12,"featured_media":0,"parent":3852,"menu_order":0,"comment_status":"closed","ping_status":"closed","template":"","meta":{"_monsterinsights_skip_tracking":false,"_monsterinsights_sitenote_active":false,"_monsterinsights_sitenote_note":"","_monsterinsights_sitenote_category":0,"footnotes":""},"class_list":["post-3955","page","type-page","status-publish","hentry"],"aioseo_notices":[],"_links":{"self":[{"href":"https:\/\/cppr-pandaroux.org\/en\/wp-json\/wp\/v2\/pages\/3955","targetHints":{"allow":["GET"]}}],"collection":[{"href":"https:\/\/cppr-pandaroux.org\/en\/wp-json\/wp\/v2\/pages"}],"about":[{"href":"https:\/\/cppr-pandaroux.org\/en\/wp-json\/wp\/v2\/types\/page"}],"author":[{"embeddable":true,"href":"https:\/\/cppr-pandaroux.org\/en\/wp-json\/wp\/v2\/users\/12"}],"replies":[{"embeddable":true,"href":"https:\/\/cppr-pandaroux.org\/en\/wp-json\/wp\/v2\/comments?post=3955"}],"version-history":[{"count":10,"href":"https:\/\/cppr-pandaroux.org\/en\/wp-json\/wp\/v2\/pages\/3955\/revisions"}],"predecessor-version":[{"id":4051,"href":"https:\/\/cppr-pandaroux.org\/en\/wp-json\/wp\/v2\/pages\/3955\/revisions\/4051"}],"up":[{"embeddable":true,"href":"https:\/\/cppr-pandaroux.org\/en\/wp-json\/wp\/v2\/pages\/3852"}],"wp:attachment":[{"href":"https:\/\/cppr-pandaroux.org\/en\/wp-json\/wp\/v2\/media?parent=3955"}],"curies":[{"name":"wp","href":"https:\/\/api.w.org\/{rel}","templated":true}]}}