{"id":3953,"date":"2025-08-06T17:28:18","date_gmt":"2025-08-06T15:28:18","guid":{"rendered":"https:\/\/cppr-pandaroux.org\/?page_id=3953"},"modified":"2025-08-08T16:04:54","modified_gmt":"2025-08-08T14:04:54","slug":"inde","status":"publish","type":"page","link":"https:\/\/cppr-pandaroux.org\/en\/nos-actions\/inde\/","title":{"rendered":"Inde"},"content":{"rendered":"<div style=\"background-color: #f0f0f2; padding: 20px 20px 20px 20px; border-radius: 10px;\">After a visit to the Gangtok Zoo (Himalayan Zoological Park), we focused on the problems of the breeding center, currently a large enclosure separated into two parts by a fence on a wooded area of 1 hectare.<br \/>\nAlthough there is a backstop system to prevent access to the panthers, the fence has proven insufficient, and almost all of the red pandas have been wiped out by canine distemper, carried by stray dogs.<\/div>\n<p><a href=\"https:\/\/cppr-pandaroux.org\/app\/uploads\/2025\/07\/logo-mission-Inde-2024.jpeg\"><img loading=\"lazy\" decoding=\"async\" class=\"aligncenter wp-image-4020\" src=\"https:\/\/cppr-pandaroux.org\/app\/uploads\/2025\/07\/logo-mission-Inde-2024-300x300.jpeg\" alt=\"\" width=\"200\" height=\"200\" srcset=\"https:\/\/cppr-pandaroux.org\/app\/uploads\/2025\/07\/logo-mission-Inde-2024-300x300.jpeg 300w, https:\/\/cppr-pandaroux.org\/app\/uploads\/2025\/07\/logo-mission-Inde-2024-1024x1024.jpeg 1024w, https:\/\/cppr-pandaroux.org\/app\/uploads\/2025\/07\/logo-mission-Inde-2024-150x150.jpeg 150w, https:\/\/cppr-pandaroux.org\/app\/uploads\/2025\/07\/logo-mission-Inde-2024-768x768.jpeg 768w, https:\/\/cppr-pandaroux.org\/app\/uploads\/2025\/07\/logo-mission-Inde-2024-1536x1536.jpeg 1536w, https:\/\/cppr-pandaroux.org\/app\/uploads\/2025\/07\/logo-mission-Inde-2024-12x12.jpeg 12w, https:\/\/cppr-pandaroux.org\/app\/uploads\/2025\/07\/logo-mission-Inde-2024-100x100.jpeg 100w, https:\/\/cppr-pandaroux.org\/app\/uploads\/2025\/07\/logo-mission-Inde-2024-50x50.jpeg 50w, https:\/\/cppr-pandaroux.org\/app\/uploads\/2025\/07\/logo-mission-Inde-2024.jpeg 1620w\" sizes=\"auto, (max-width: 200px) 100vw, 200px\" \/><\/a><\/p><div id=\"ez-toc-container\" class=\"ez-toc-v2_0_82_2 ez-toc-wrap-right-text counter-hierarchy ez-toc-counter ez-toc-custom ez-toc-container-direction\">\n<div class=\"ez-toc-title-container\">\n<p class=\"ez-toc-title\" style=\"cursor:inherit\">Sommaire<\/p>\n<span class=\"ez-toc-title-toggle\"><a href=\"#\" class=\"ez-toc-pull-right ez-toc-btn ez-toc-btn-xs ez-toc-btn-default ez-toc-toggle\" aria-label=\"Toggle Table of Content\"><span class=\"ez-toc-js-icon-con\"><span class=\"\"><span class=\"eztoc-hide\" style=\"display:none;\">Toggle<\/span><span class=\"ez-toc-icon-toggle-span\"><svg style=\"fill: #ffffff;color:#ffffff\" xmlns=\"http:\/\/www.w3.org\/2000\/svg\" class=\"list-377408\" width=\"20px\" height=\"20px\" viewbox=\"0 0 24 24\" fill=\"none\"><path d=\"M6 6H4v2h2V6zm14 0H8v2h12V6zM4 11h2v2H4v-2zm16 0H8v2h12v-2zM4 16h2v2H4v-2zm16 0H8v2h12v-2z\" fill=\"currentColor\"><\/path><\/svg><svg style=\"fill: #ffffff;color:#ffffff\" class=\"arrow-unsorted-368013\" xmlns=\"http:\/\/www.w3.org\/2000\/svg\" width=\"10px\" height=\"10px\" viewbox=\"0 0 24 24\" version=\"1.2\" baseprofile=\"tiny\"><path d=\"M18.2 9.3l-6.2-6.3-6.2 6.3c-.2.2-.3.4-.3.7s.1.5.3.7c.2.2.4.3.7.3h11c.3 0 .5-.1.7-.3.2-.2.3-.5.3-.7s-.1-.5-.3-.7zM5.8 14.7l6.2 6.3 6.2-6.3c.2-.2.3-.5.3-.7s-.1-.5-.3-.7c-.2-.2-.4-.3-.7-.3h-11c-.3 0-.5.1-.7.3-.2.2-.3.5-.3.7s.1.5.3.7z\"\/><\/svg><\/span><\/span><\/span><\/a><\/span><\/div>\n<nav><ul class='ez-toc-list ez-toc-list-level-1' ><li class='ez-toc-page-1 ez-toc-heading-level-2'><a class=\"ez-toc-link ez-toc-heading-1\" href=\"https:\/\/cppr-pandaroux.org\/en\/nos-actions\/inde\/#Construire_un_mur_autour_du_centre_delevage_pour_relancer_le_programme_de_reproduction_au_Sikkim\" >Build a wall around the breeding center to revive the breeding program in Sikkim.<\/a><\/li><li class='ez-toc-page-1 ez-toc-heading-level-2'><a class=\"ez-toc-link ez-toc-heading-2\" href=\"https:\/\/cppr-pandaroux.org\/en\/nos-actions\/inde\/#Sensibiliser_les_ecoles\" >Raising awareness in schools<\/a><\/li><\/ul><\/nav><\/div>\n\n<h2><span class=\"ez-toc-section\" id=\"Construire_un_mur_autour_du_centre_delevage_pour_relancer_le_programme_de_reproduction_au_Sikkim\"><\/span>Build a wall around the breeding center to revive the breeding program in Sikkim.<span class=\"ez-toc-section-end\"><\/span><\/h2>\n<p>The Himalayan Zoological Park (HZP) in Gangtok, Sikkim, northern India, is a breeding center for red pandas, with the ultimate goal of reintroducing them into their natural habitat. Almost all of the red pandas have fallen victim to canine distemper, transmitted by stray dogs near the enclosures. This tragedy has led to new measures being taken to secure the area.<\/p>\n<p>In partnership with the HZP, the CPPR decided to help build a perimeter wall to ensure on-site reproduction.<\/p>\n<p>The HZP's \"My Child from the Wild\" campaign allows for the sponsorship of an animal to raise funds. At the same time, we have launched the \"Building the Sikkim City Wall\" fundraising campaign.<\/p>\n<p>Goal : 31 000 \u20ac<\/p>\n<h2><span class=\"ez-toc-section\" id=\"Sensibiliser_les_ecoles\"><\/span>Raising awareness in schools<span class=\"ez-toc-section-end\"><\/span><\/h2>\n<p>The aim is to adapt the Nepalese twinning booklet to Sikkim.<\/p>\n<div id='gallery-1' class='gallery galleryid-3953 gallery-columns-2 gallery-size-thumbnail'><figure class='gallery-item'>\n\t\t\t<div class='gallery-icon landscape'>\n\t\t\t\t<a href='https:\/\/cppr-pandaroux.org\/en\/2025\/07\/06\/mission-cppr-inde-bhoutan-2024\/photo_gpe_sikkim\/'><img loading=\"lazy\" decoding=\"async\" width=\"150\" height=\"150\" src=\"https:\/\/cppr-pandaroux.org\/app\/uploads\/2025\/07\/photo_gpe_Sikkim-150x150.jpg\" class=\"attachment-thumbnail size-thumbnail\" alt=\"\" srcset=\"https:\/\/cppr-pandaroux.org\/app\/uploads\/2025\/07\/photo_gpe_Sikkim-150x150.jpg 150w, https:\/\/cppr-pandaroux.org\/app\/uploads\/2025\/07\/photo_gpe_Sikkim-100x100.jpg 100w, https:\/\/cppr-pandaroux.org\/app\/uploads\/2025\/07\/photo_gpe_Sikkim-50x50.jpg 50w\" sizes=\"auto, (max-width: 150px) 100vw, 150px\" \/><\/a>\n\t\t\t<\/div><\/figure><figure class='gallery-item'>\n\t\t\t<div class='gallery-icon landscape'>\n\t\t\t\t<a href='https:\/\/cppr-pandaroux.org\/en\/nos-actions\/inde\/singalila_relch_2\/'><img loading=\"lazy\" decoding=\"async\" width=\"150\" height=\"150\" src=\"https:\/\/cppr-pandaroux.org\/app\/uploads\/2025\/08\/Singalila_relC3A2chC3A9_2-150x150.jpg\" class=\"attachment-thumbnail size-thumbnail\" alt=\"\" srcset=\"https:\/\/cppr-pandaroux.org\/app\/uploads\/2025\/08\/Singalila_relC3A2chC3A9_2-150x150.jpg 150w, https:\/\/cppr-pandaroux.org\/app\/uploads\/2025\/08\/Singalila_relC3A2chC3A9_2-100x100.jpg 100w, https:\/\/cppr-pandaroux.org\/app\/uploads\/2025\/08\/Singalila_relC3A2chC3A9_2-50x50.jpg 50w\" sizes=\"auto, (max-width: 150px) 100vw, 150px\" \/><\/a>\n\t\t\t<\/div><\/figure>\n\t\t<\/div>","protected":false},"excerpt":{"rendered":"<p>Apr\u00e8s une visite du zoo de Gangtok (Himalayan Zoological Park), nous nous sommes attard\u00e9s sur les probl\u00e8mes du centre de reproduction, actuellement un grand enclos s\u00e9par\u00e9 en deux parties par un grillage sur une zone bois\u00e9e de 1 hectare. S&rsquo;il existe un syst\u00e8me anti-retour pour emp\u00eacher l&rsquo;acc\u00e8s aux panth\u00e8res, le grillage s&rsquo;est r\u00e9v\u00e9l\u00e9 insuffisant, et [&hellip;]<\/p>\n","protected":false},"author":12,"featured_media":0,"parent":3852,"menu_order":0,"comment_status":"closed","ping_status":"closed","template":"","meta":{"_monsterinsights_skip_tracking":false,"_monsterinsights_sitenote_active":false,"_monsterinsights_sitenote_note":"","_monsterinsights_sitenote_category":0,"footnotes":""},"class_list":["post-3953","page","type-page","status-publish","hentry"],"aioseo_notices":[],"_links":{"self":[{"href":"https:\/\/cppr-pandaroux.org\/en\/wp-json\/wp\/v2\/pages\/3953","targetHints":{"allow":["GET"]}}],"collection":[{"href":"https:\/\/cppr-pandaroux.org\/en\/wp-json\/wp\/v2\/pages"}],"about":[{"href":"https:\/\/cppr-pandaroux.org\/en\/wp-json\/wp\/v2\/types\/page"}],"author":[{"embeddable":true,"href":"https:\/\/cppr-pandaroux.org\/en\/wp-json\/wp\/v2\/users\/12"}],"replies":[{"embeddable":true,"href":"https:\/\/cppr-pandaroux.org\/en\/wp-json\/wp\/v2\/comments?post=3953"}],"version-history":[{"count":5,"href":"https:\/\/cppr-pandaroux.org\/en\/wp-json\/wp\/v2\/pages\/3953\/revisions"}],"predecessor-version":[{"id":4039,"href":"https:\/\/cppr-pandaroux.org\/en\/wp-json\/wp\/v2\/pages\/3953\/revisions\/4039"}],"up":[{"embeddable":true,"href":"https:\/\/cppr-pandaroux.org\/en\/wp-json\/wp\/v2\/pages\/3852"}],"wp:attachment":[{"href":"https:\/\/cppr-pandaroux.org\/en\/wp-json\/wp\/v2\/media?parent=3953"}],"curies":[{"name":"wp","href":"https:\/\/api.w.org\/{rel}","templated":true}]}}