{"id":3852,"date":"2025-08-06T14:13:08","date_gmt":"2025-08-06T12:13:08","guid":{"rendered":"https:\/\/cppr-pandaroux.org\/?page_id=3852"},"modified":"2025-08-07T20:58:30","modified_gmt":"2025-08-07T18:58:30","slug":"nos-actions","status":"publish","type":"page","link":"https:\/\/cppr-pandaroux.org\/en\/nos-actions\/","title":{"rendered":"Our actions"},"content":{"rendered":"<div style=\"background-color: #f0f0f2; padding: 20px 20px 20px 20px; border-radius: 10px;\">Discover in the articles below what actions we are taking to carry out our mission. Enjoy!<\/div>\n<table style=\"width: 450px;\">\n<tbody>\n<tr>\n<th scope=\"row\"> <img loading=\"lazy\" decoding=\"async\" class=\"aligncenter size-full wp-image-3960\" src=\"https:\/\/cppr-pandaroux.org\/app\/uploads\/2025\/08\/IMG_2376.png\" alt=\"\" width=\"64\" height=\"52\" align=\"left\" srcset=\"https:\/\/cppr-pandaroux.org\/app\/uploads\/2025\/08\/IMG_2376.png 64w, https:\/\/cppr-pandaroux.org\/app\/uploads\/2025\/08\/IMG_2376-15x12.png 15w\" sizes=\"auto, (max-width: 64px) 100vw, 64px\" \/> <\/th>\n<td style=\"vertical-align: middle;\"><a href=\"https:\/\/cppr-pandaroux.org\/category\/sensibilisation\/\">Our various awareness-raising actions<\/a><\/td>\n<\/tr>\n<tr>\n<th scope=\"row\"> <img loading=\"lazy\" decoding=\"async\" class=\"aligncenter size-full wp-image-3960\" src=\"https:\/\/cppr-pandaroux.org\/app\/uploads\/2025\/08\/IMG_2376.png\" alt=\"\" width=\"64\" height=\"52\" align=\"left\" srcset=\"https:\/\/cppr-pandaroux.org\/app\/uploads\/2025\/08\/IMG_2376.png 64w, https:\/\/cppr-pandaroux.org\/app\/uploads\/2025\/08\/IMG_2376-15x12.png 15w\" sizes=\"auto, (max-width: 64px) 100vw, 64px\" \/> <\/th>\n<td style=\"vertical-align: middle;\"><a href=\"https:\/\/cppr-pandaroux.org\/2020\/07\/29\/nepal\/\">Our actions in Nepal<\/a><\/td>\n<\/tr>\n<tr>\n<th scope=\"row\"> <img loading=\"lazy\" decoding=\"async\" class=\"aligncenter size-full wp-image-3960\" src=\"https:\/\/cppr-pandaroux.org\/app\/uploads\/2025\/08\/IMG_2376.png\" alt=\"\" width=\"64\" height=\"52\" align=\"left\" srcset=\"https:\/\/cppr-pandaroux.org\/app\/uploads\/2025\/08\/IMG_2376.png 64w, https:\/\/cppr-pandaroux.org\/app\/uploads\/2025\/08\/IMG_2376-15x12.png 15w\" sizes=\"auto, (max-width: 64px) 100vw, 64px\" \/> <\/th>\n<td style=\"vertical-align: middle;\"><a href=\"https:\/\/cppr-pandaroux.org\/journee-internationale-du-panda-roux\/\">International Red Panda Day<\/a><\/td>\n<\/tr>\n<\/tbody>\n<\/table>","protected":false},"excerpt":{"rendered":"<p>D\u00e9couvrez, dans les articles ci-dessous, quelles sont les actions que nous mettons en \u0153uvre pour mener \u00e0 bien notre mission. Bonne lecture ! Nos diff\u00e9rentes actions de sensibilisation Nos actions au N\u00e9pal Journ\u00e9e Internationale du Panda Roux<\/p>","protected":false},"author":12,"featured_media":0,"parent":0,"menu_order":0,"comment_status":"closed","ping_status":"closed","template":"","meta":{"_monsterinsights_skip_tracking":false,"_monsterinsights_sitenote_active":false,"_monsterinsights_sitenote_note":"","_monsterinsights_sitenote_category":0,"footnotes":""},"class_list":["post-3852","page","type-page","status-publish","hentry"],"aioseo_notices":[],"_links":{"self":[{"href":"https:\/\/cppr-pandaroux.org\/en\/wp-json\/wp\/v2\/pages\/3852","targetHints":{"allow":["GET"]}}],"collection":[{"href":"https:\/\/cppr-pandaroux.org\/en\/wp-json\/wp\/v2\/pages"}],"about":[{"href":"https:\/\/cppr-pandaroux.org\/en\/wp-json\/wp\/v2\/types\/page"}],"author":[{"embeddable":true,"href":"https:\/\/cppr-pandaroux.org\/en\/wp-json\/wp\/v2\/users\/12"}],"replies":[{"embeddable":true,"href":"https:\/\/cppr-pandaroux.org\/en\/wp-json\/wp\/v2\/comments?post=3852"}],"version-history":[{"count":3,"href":"https:\/\/cppr-pandaroux.org\/en\/wp-json\/wp\/v2\/pages\/3852\/revisions"}],"predecessor-version":[{"id":3965,"href":"https:\/\/cppr-pandaroux.org\/en\/wp-json\/wp\/v2\/pages\/3852\/revisions\/3965"}],"wp:attachment":[{"href":"https:\/\/cppr-pandaroux.org\/en\/wp-json\/wp\/v2\/media?parent=3852"}],"curies":[{"name":"wp","href":"https:\/\/api.w.org\/{rel}","templated":true}]}}