{"id":382,"date":"2020-06-25T23:53:28","date_gmt":"2020-06-25T21:53:28","guid":{"rendered":"https:\/\/cppr-pandaroux.org\/?page_id=382"},"modified":"2025-08-06T12:36:00","modified_gmt":"2025-08-06T10:36:00","slug":"panda-roux-vs-panda-geant","status":"publish","type":"page","link":"https:\/\/cppr-pandaroux.org\/en\/le-panda-roux\/panda-roux-vs-panda-geant\/","title":{"rendered":"Red Panda VS Giant Panda"},"content":{"rendered":"<p>When we think of the panda, we inevitably think of the giant panda, the big black and white bear. This animal from the Ursidae family was first seen by a westerner in 1869, well after the red panda which was discovered in the early 19th century.<\/p>\n\n\n\n<figure class=\"wp-block-table aligncenter\"><table><tbody><tr><td>&nbsp;<\/td><td class=\"has-text-align-center\" data-align=\"center\"><strong>Giant panda<\/strong><\/td><td class=\"has-text-align-center\" data-align=\"center\"><strong>Red panda<\/strong><\/td><\/tr><tr><td>&nbsp;<\/td><td class=\"has-text-align-center\" data-align=\"center\">\u00a0 \u00a0 <a href=\"http:\/\/static.blog4ever.com\/2013\/12\/759144\/big_artfichier_759144_3236550_201312213021273.jpg\"><\/a><img decoding=\"async\" class=\"wp-image-464\" style=\"width: 150px;\" src=\"https:\/\/cppr-pandaroux.org\/app\/uploads\/2020\/06\/panda_2-1.jpg\" alt=\"\"><\/td><td class=\"has-text-align-center\" data-align=\"center\">&nbsp; &nbsp; <img loading=\"lazy\" decoding=\"async\" alt=\"xi ang.jpg\" src=\"http:\/\/static.blog4ever.com\/2013\/12\/759144\/artfichier_759144_3236549_201312212916459.jpg\" width=\"140\" height=\"140\"><\/td><\/tr><tr><td><strong>Scientific name<\/strong><\/td><td class=\"has-text-align-center\" data-align=\"center\"><em>Ailuropoda melanoleuca<\/em><\/td><td class=\"has-text-align-center\" data-align=\"center\"><em>Ailurus fulgens<\/em><\/td><\/tr><tr><td><strong>Family<\/strong><\/td><td class=\"has-text-align-center\" data-align=\"center\">Ursidae<\/td><td class=\"has-text-align-center\" data-align=\"center\">Ailuridae<\/td><\/tr><tr><td><strong>IUCN Status<\/strong><\/td><td class=\"has-text-align-center\" data-align=\"center\">Vulnerable<\/td><td class=\"has-text-align-center\" data-align=\"center\">Endangered<\/td><\/tr><tr><td><strong>Geographic range &nbsp;<\/strong><\/td><td class=\"has-text-align-center\" data-align=\"center\">China only<\/td><td class=\"has-text-align-center\" data-align=\"center\">Myanmar, China, Nepal, Bhutan, India<\/td><\/tr><tr><td><strong>Size<\/strong><\/td><td class=\"has-text-align-center\" data-align=\"center\">150 to 180 cm<\/td><td class=\"has-text-align-center\" data-align=\"center\">50 to 60 cm<\/td><\/tr><tr><td><strong>Weight<\/strong><\/td><td class=\"has-text-align-center\" data-align=\"center\">75 to 125 kg<\/td><td class=\"has-text-align-center\" data-align=\"center\">3 to 6 kg<\/td><\/tr><tr><td><strong>Longevity<\/strong><\/td><td class=\"has-text-align-center\" data-align=\"center\">10-15 years in the wild 20-30 years in captivity<\/td><td class=\"has-text-align-center\" data-align=\"center\">8-10 years in the wild 15-18 years in captivity<\/td><\/tr><tr><td><strong>Diet<\/strong><\/td><td class=\"has-text-align-center\" data-align=\"center\">Bamboo (99%)<\/td><td class=\"has-text-align-center\" data-align=\"center\">Bamboo (95%)<\/td><\/tr><\/tbody><\/table><\/figure>\n\n\n\n<p>These two animals are physically different from each other and do not belong to the same family. So why do they have the same name? One of the first names of the red panda was \u201cNigalya poonya\u201d. These Nepalese words mean \u201cbamboo eater\u201d. Does it remind you of something? Indeed, it is the main food of the giant panda!<\/p>\n\n\n\n<p>Thus, about fifty years after the discovery of the little \u00abNigalya poonya\u00bb, it seemed logical that the big black and white bear wears the same name! He became the great \u00abNigalya poonya\u00bb. This gives us etymologically: \u00absmall bamboo eater\u00bb and \u00abbig bamboo eater\u00bb!<\/p>\n\n\n\n<p>Gradually, we kept only the end of the expression: \u00abpoonya\u00bb, which gradually turned into a panda.<\/p>\n\n\n\n<p><strong>Today, these animals have several common names\u2026<\/strong><\/p>\n\n\n\n<p>Small panda is also called: red panda, bright panda, firefox.<\/p>\n\n\n\n<p>Giant panda is also called: panda bear (big bear-cat, literally, in China).<\/p>\n\n\n\n<p><strong>A few anecdotes:<\/strong><\/p>\n\n\n\n<ul class=\"wp-block-list\"><li>The year of the discovery of the giant panda (1869) was also the year when a red panda was first put in captivity at the London Zoo.<\/li><li>Like the giant panda, the red panda was once classified in the Ursidae family, but genetic studies have shown that they are not related.<\/li><li>These two species may occupy the same territories in China, although the range of the small panda is larger and at higher altitudes.<\/li><li>If both small and giant pandas eat bamboo, they do not always enjoy the same parts of the plant. Indeed, the red panda is content with the most tender leaves while the giant panda also eats the stems thanks to its powerful jaw.<\/li><li>These two animals have one thing in common: they both have a bony outgrowth on their front legs, which serves as their sixth finger! Kind of like the opposable thumb in primates! This adds an additional challenge to scientists in classifying these species.<\/li><li>Pandas giant and small are both solitary and couples only form for the breeding season.<\/li><li>While the two pandas have a highly developed sense of smell, the giant panda does not have a very good view, unlike the red panda, and so it uses more of its hearing to locate itself.<\/li><\/ul>","protected":false},"excerpt":{"rendered":"<p>Lorsqu\u2019on \u00e9voque le panda, nous pensons in\u00e9vitablement au panda g\u00e9ant, ce gros ours noir et blanc. Cet animal de la famille des Ursidae a \u00e9t\u00e9 vu pour la premi\u00e8re fois par un occidental en 1869, soit bien apr\u00e8s le panda roux&nbsp;qui, lui, fut d\u00e9couvert au d\u00e9but du XIXe si\u00e8cle. &nbsp; Panda g\u00e9ant Panda roux &nbsp; [&hellip;]<\/p>\n","protected":false},"author":1,"featured_media":0,"parent":3787,"menu_order":0,"comment_status":"closed","ping_status":"closed","template":"","meta":{"_monsterinsights_skip_tracking":false,"_monsterinsights_sitenote_active":false,"_monsterinsights_sitenote_note":"","_monsterinsights_sitenote_category":0,"footnotes":""},"class_list":["post-382","page","type-page","status-publish","hentry"],"aioseo_notices":[],"_links":{"self":[{"href":"https:\/\/cppr-pandaroux.org\/en\/wp-json\/wp\/v2\/pages\/382","targetHints":{"allow":["GET"]}}],"collection":[{"href":"https:\/\/cppr-pandaroux.org\/en\/wp-json\/wp\/v2\/pages"}],"about":[{"href":"https:\/\/cppr-pandaroux.org\/en\/wp-json\/wp\/v2\/types\/page"}],"author":[{"embeddable":true,"href":"https:\/\/cppr-pandaroux.org\/en\/wp-json\/wp\/v2\/users\/1"}],"replies":[{"embeddable":true,"href":"https:\/\/cppr-pandaroux.org\/en\/wp-json\/wp\/v2\/comments?post=382"}],"version-history":[{"count":1,"href":"https:\/\/cppr-pandaroux.org\/en\/wp-json\/wp\/v2\/pages\/382\/revisions"}],"predecessor-version":[{"id":667,"href":"https:\/\/cppr-pandaroux.org\/en\/wp-json\/wp\/v2\/pages\/382\/revisions\/667"}],"up":[{"embeddable":true,"href":"https:\/\/cppr-pandaroux.org\/en\/wp-json\/wp\/v2\/pages\/3787"}],"wp:attachment":[{"href":"https:\/\/cppr-pandaroux.org\/en\/wp-json\/wp\/v2\/media?parent=382"}],"curies":[{"name":"wp","href":"https:\/\/api.w.org\/{rel}","templated":true}]}}