{"id":3787,"date":"2025-08-06T12:32:14","date_gmt":"2025-08-06T10:32:14","guid":{"rendered":"https:\/\/cppr-pandaroux.org\/?page_id=3787"},"modified":"2025-08-07T20:55:27","modified_gmt":"2025-08-07T18:55:27","slug":"le-panda-roux","status":"publish","type":"page","link":"https:\/\/cppr-pandaroux.org\/en\/le-panda-roux\/","title":{"rendered":"Red panda"},"content":{"rendered":"<div style=\"background-color: #f0f0f2; padding: 20px 20px 20px 20px; border-radius: 10px;\">Discover this unusual animal species, the Red Panda, by consulting our files listed below. Enjoy!<\/div>\n<table style=\"width: 450px;\">\n<tbody>\n<tr>\n<th scope=\"row\"><img loading=\"lazy\" decoding=\"async\" class=\"aligncenter size-full wp-image-3960\" src=\"https:\/\/cppr-pandaroux.org\/app\/uploads\/2025\/08\/IMG_2376.png\" alt=\"\" width=\"64\" height=\"52\" align=\"left\" srcset=\"https:\/\/cppr-pandaroux.org\/app\/uploads\/2025\/08\/IMG_2376.png 64w, https:\/\/cppr-pandaroux.org\/app\/uploads\/2025\/08\/IMG_2376-15x12.png 15w\" sizes=\"auto, (max-width: 64px) 100vw, 64px\" \/><\/th>\n<td style=\"vertical-align: middle;\"><a href=\"https:\/\/cppr-pandaroux.org\/le-panda-roux\/presentation-du-panda-roux\/\">Presentation<\/a><\/td>\n<\/tr>\n<tr>\n<th scope=\"row\"><img loading=\"lazy\" decoding=\"async\" class=\"aligncenter size-full wp-image-3960\" src=\"https:\/\/cppr-pandaroux.org\/app\/uploads\/2025\/08\/IMG_2376.png\" alt=\"\" width=\"64\" height=\"52\" align=\"left\" srcset=\"https:\/\/cppr-pandaroux.org\/app\/uploads\/2025\/08\/IMG_2376.png 64w, https:\/\/cppr-pandaroux.org\/app\/uploads\/2025\/08\/IMG_2376-15x12.png 15w\" sizes=\"auto, (max-width: 64px) 100vw, 64px\" \/><\/th>\n<td style=\"vertical-align: middle;\"><a href=\"https:\/\/cppr-pandaroux.org\/le-panda-roux\/classification-phylogenetique\/\">Phylogenetic classification<\/a><\/td>\n<\/tr>\n<tr>\n<th scope=\"row\"><img loading=\"lazy\" decoding=\"async\" class=\"aligncenter size-full wp-image-3960\" src=\"https:\/\/cppr-pandaroux.org\/app\/uploads\/2025\/08\/IMG_2376.png\" alt=\"\" width=\"64\" height=\"52\" align=\"left\" srcset=\"https:\/\/cppr-pandaroux.org\/app\/uploads\/2025\/08\/IMG_2376.png 64w, https:\/\/cppr-pandaroux.org\/app\/uploads\/2025\/08\/IMG_2376-15x12.png 15w\" sizes=\"auto, (max-width: 64px) 100vw, 64px\" \/><\/th>\n<td style=\"vertical-align: middle;\"><a href=\"https:\/\/cppr-pandaroux.org\/le-panda-roux\/les-predateurs-du-panda-roux\/\">Predators<\/a><\/td>\n<\/tr>\n<tr>\n<th scope=\"row\"><img loading=\"lazy\" decoding=\"async\" class=\"aligncenter size-full wp-image-3960\" src=\"https:\/\/cppr-pandaroux.org\/app\/uploads\/2025\/08\/IMG_2376.png\" alt=\"\" width=\"64\" height=\"52\" align=\"left\" srcset=\"https:\/\/cppr-pandaroux.org\/app\/uploads\/2025\/08\/IMG_2376.png 64w, https:\/\/cppr-pandaroux.org\/app\/uploads\/2025\/08\/IMG_2376-15x12.png 15w\" sizes=\"auto, (max-width: 64px) 100vw, 64px\" \/><\/th>\n<td style=\"vertical-align: middle;\"><a href=\"https:\/\/cppr-pandaroux.org\/le-panda-roux\/focus-sur-le-panda-geant\/\">Focus on the Giant Panda<\/a><\/td>\n<\/tr>\n<tr>\n<th scope=\"row\"><img loading=\"lazy\" decoding=\"async\" class=\"aligncenter size-full wp-image-3960\" src=\"https:\/\/cppr-pandaroux.org\/app\/uploads\/2025\/08\/IMG_2376.png\" alt=\"\" width=\"64\" height=\"52\" align=\"left\" srcset=\"https:\/\/cppr-pandaroux.org\/app\/uploads\/2025\/08\/IMG_2376.png 64w, https:\/\/cppr-pandaroux.org\/app\/uploads\/2025\/08\/IMG_2376-15x12.png 15w\" sizes=\"auto, (max-width: 64px) 100vw, 64px\" \/><\/th>\n<td style=\"vertical-align: middle;\"><a href=\"https:\/\/cppr-pandaroux.org\/le-panda-roux\/panda-roux-vs-panda-geant\/\">Red Panda vs Giant Panda<\/a><\/td>\n<\/tr>\n<\/tbody>\n<\/table>","protected":false},"excerpt":{"rendered":"<p>D\u00e9couvrez cette esp\u00e8ce d\u2019animal hors du commun qu\u2019est le Panda Roux en consultant nos dossiers r\u00e9pertori\u00e9s ci-dessous. Bonne lecture ! Pr\u00e9sentation Classification phylog\u00e9n\u00e9tique Pr\u00e9dateurs Focus sur le Panda G\u00e9ant Panda Roux vs Panda G\u00e9ant<\/p>","protected":false},"author":12,"featured_media":0,"parent":0,"menu_order":0,"comment_status":"closed","ping_status":"closed","template":"","meta":{"_monsterinsights_skip_tracking":false,"_monsterinsights_sitenote_active":false,"_monsterinsights_sitenote_note":"","_monsterinsights_sitenote_category":0,"footnotes":""},"class_list":["post-3787","page","type-page","status-publish","hentry"],"aioseo_notices":[],"_links":{"self":[{"href":"https:\/\/cppr-pandaroux.org\/en\/wp-json\/wp\/v2\/pages\/3787","targetHints":{"allow":["GET"]}}],"collection":[{"href":"https:\/\/cppr-pandaroux.org\/en\/wp-json\/wp\/v2\/pages"}],"about":[{"href":"https:\/\/cppr-pandaroux.org\/en\/wp-json\/wp\/v2\/types\/page"}],"author":[{"embeddable":true,"href":"https:\/\/cppr-pandaroux.org\/en\/wp-json\/wp\/v2\/users\/12"}],"replies":[{"embeddable":true,"href":"https:\/\/cppr-pandaroux.org\/en\/wp-json\/wp\/v2\/comments?post=3787"}],"version-history":[{"count":62,"href":"https:\/\/cppr-pandaroux.org\/en\/wp-json\/wp\/v2\/pages\/3787\/revisions"}],"predecessor-version":[{"id":3963,"href":"https:\/\/cppr-pandaroux.org\/en\/wp-json\/wp\/v2\/pages\/3787\/revisions\/3963"}],"wp:attachment":[{"href":"https:\/\/cppr-pandaroux.org\/en\/wp-json\/wp\/v2\/media?parent=3787"}],"curies":[{"name":"wp","href":"https:\/\/api.w.org\/{rel}","templated":true}]}}