{"id":333,"date":"2020-06-25T23:38:52","date_gmt":"2020-06-25T21:38:52","guid":{"rendered":"https:\/\/cppr-pandaroux.org\/?page_id=333"},"modified":"2025-08-06T16:30:05","modified_gmt":"2025-08-06T14:30:05","slug":"les-predateurs-du-panda-roux","status":"publish","type":"page","link":"https:\/\/cppr-pandaroux.org\/en\/le-panda-roux\/les-predateurs-du-panda-roux\/","title":{"rendered":"Predators of the Red Panda"},"content":{"rendered":"<div style=\"background-color: #f0f0f2; padding: 20px 20px 0px 20px; border-radius: 10px;\">\r\n<p>The red panda is like many other animals a potential prey for those with whom it shares its habitat. It should be noted that predation is not a cause of extinction, but one of the rules that govern an ecosystem. Indeed, predators feed and populations that are prey are regulated!<\/p><div id=\"ez-toc-container\" class=\"ez-toc-v2_0_82_2 ez-toc-wrap-right-text counter-hierarchy ez-toc-counter ez-toc-custom ez-toc-container-direction\">\n<div class=\"ez-toc-title-container\">\n<p class=\"ez-toc-title\" style=\"cursor:inherit\">Sommaire<\/p>\n<span class=\"ez-toc-title-toggle\"><a href=\"#\" class=\"ez-toc-pull-right ez-toc-btn ez-toc-btn-xs ez-toc-btn-default ez-toc-toggle\" aria-label=\"Toggle Table of Content\"><span class=\"ez-toc-js-icon-con\"><span class=\"\"><span class=\"eztoc-hide\" style=\"display:none;\">Toggle<\/span><span class=\"ez-toc-icon-toggle-span\"><svg style=\"fill: #ffffff;color:#ffffff\" xmlns=\"http:\/\/www.w3.org\/2000\/svg\" class=\"list-377408\" width=\"20px\" height=\"20px\" viewbox=\"0 0 24 24\" fill=\"none\"><path d=\"M6 6H4v2h2V6zm14 0H8v2h12V6zM4 11h2v2H4v-2zm16 0H8v2h12v-2zM4 16h2v2H4v-2zm16 0H8v2h12v-2z\" fill=\"currentColor\"><\/path><\/svg><svg style=\"fill: #ffffff;color:#ffffff\" class=\"arrow-unsorted-368013\" xmlns=\"http:\/\/www.w3.org\/2000\/svg\" width=\"10px\" height=\"10px\" viewbox=\"0 0 24 24\" version=\"1.2\" baseprofile=\"tiny\"><path d=\"M18.2 9.3l-6.2-6.3-6.2 6.3c-.2.2-.3.4-.3.7s.1.5.3.7c.2.2.4.3.7.3h11c.3 0 .5-.1.7-.3.2-.2.3-.5.3-.7s-.1-.5-.3-.7zM5.8 14.7l6.2 6.3 6.2-6.3c.2-.2.3-.5.3-.7s-.1-.5-.3-.7c-.2-.2-.4-.3-.7-.3h-11c-.3 0-.5.1-.7.3-.2.2-.3.5-.3.7s.1.5.3.7z\"\/><\/svg><\/span><\/span><\/span><\/a><\/span><\/div>\n<nav><ul class='ez-toc-list ez-toc-list-level-1' ><li class='ez-toc-page-1 ez-toc-heading-level-2 translation-block'><strong>Clouded leopard<\/strong> (<em><strong>Neofelis nebulosa<\/strong><\/em>)<\/li><li class='ez-toc-page-1 ez-toc-heading-level-2 translation-block'><strong>The Indian leopard <\/strong>(<em>Panthera pardus fusca<\/em>)<\/li><li class='ez-toc-page-1 ez-toc-heading-level-2 translation-block'>Snow leopard (<em>panthera uncia<\/em>)<\/li><li class='ez-toc-page-1 ez-toc-heading-level-2'><a class=\"ez-toc-link ez-toc-heading-4\" href=\"https:\/\/cppr-pandaroux.org\/en\/le-panda-roux\/les-predateurs-du-panda-roux\/#La_martre_a_gorge_jaune_martes_flavigula\" >Yellow-throated marten<\/a><\/li><\/ul><\/nav><\/div>\n\r\n<\/div>\r\n<!-- \/wp:post-content -->\r\n<p>&nbsp;<\/p>\r\n<!-- wp:heading -->\r\n<h2 class=\" translation-block\"><strong>Clouded leopard<\/strong> (<em><strong>Neofelis nebulosa<\/strong><\/em>)<\/h2>\r\n<!-- \/wp:heading -->\r\n\r\n<!-- wp:paragraph -->\r\n<figure id=\"attachment_3933\" aria-describedby=\"caption-attachment-3933\" style=\"width: 300px\" class=\"wp-caption aligncenter\"><a href=\"https:\/\/cppr-pandaroux.org\/app\/uploads\/2025\/08\/IMG_2321.jpeg\"><img loading=\"lazy\" decoding=\"async\" class=\"size-medium wp-image-3933\" src=\"https:\/\/cppr-pandaroux.org\/app\/uploads\/2025\/08\/IMG_2321-300x236.jpeg\" alt=\"Panth\u00e8re n\u00e9buleuse\" width=\"300\" height=\"236\" srcset=\"https:\/\/cppr-pandaroux.org\/app\/uploads\/2025\/08\/IMG_2321-300x236.jpeg 300w, https:\/\/cppr-pandaroux.org\/app\/uploads\/2025\/08\/IMG_2321-1024x805.jpeg 1024w, https:\/\/cppr-pandaroux.org\/app\/uploads\/2025\/08\/IMG_2321-768x603.jpeg 768w, https:\/\/cppr-pandaroux.org\/app\/uploads\/2025\/08\/IMG_2321-1536x1207.jpeg 1536w, https:\/\/cppr-pandaroux.org\/app\/uploads\/2025\/08\/IMG_2321-15x12.jpeg 15w, https:\/\/cppr-pandaroux.org\/app\/uploads\/2025\/08\/IMG_2321.jpeg 2048w\" sizes=\"auto, (max-width: 300px) 100vw, 300px\" \/><\/a><figcaption id=\"caption-attachment-3933\" class=\"wp-caption-text\">Clouded leopard<\/figcaption><\/figure>\r\n<p><strong>Statut\u00a0UICN\u00a0:<\/strong> <em>Vulnerable<\/em><br>\r\n<strong>Classe\u00a0:<\/strong> <em>Mammif\u00e8res<\/em><br>\r\n<strong>Ordre\u00a0:<\/strong> <em>Carnivores<\/em><br>\r\n<strong>Famille\u00a0:<\/strong><em> F\u00e9lid\u00e9s<\/em><br>\r\n<strong>Taille\u00a0: <\/strong>50 \u00e0 60 cm au garrot<br>\r\n<strong>Weight<\/strong> up to 2.30 m depending on the adult individuals (0.90 cm to 1.10 m for the tail)<br>\r\n<strong>Weight :<\/strong> Between18 and 23 kg at adult size<br>\r\n<strong>Particularity<\/strong> This is the cat with the largest canines from a point of view proportional to its size.<br>\r\n<strong>Food<\/strong> rodents, monkeys, birds, pangolins, small deer.<br>\r\n<strong>Longevity<\/strong> Estimated at 11 years in the wild (data not yet important enough for a reliable figure), between 13 and 15 years in captivity (record being 19 years!)<br>\r\n<strong><strong>Geographic range :<\/strong><\/strong> Continental South East Asia to Nepal and much of southern China.<br>\r\nStatus<\/strong> :A species classified in Appendix 1 of CITES and therefore prohibited trade in animals or in parts. Less than 10,000 wild individuals, classified as vulnerable by IUCN<br>\r\n<strong>Threats:<\/strong> Habitat fragmentation due to deforestation, poaching of adult mothers to turn young into pets, and poaching for local cultures (owning a fur is a social status mark in some countries \u2013 especially in Taiwan where it has completely disappeared \u2013 the organs replace those of the tiger in traditional Chinese medicine where they are openly sold)<br>\r\n<strong>Captivity:<\/strong> Since 1973, the species benefits from a worldwide breeding plan managed by the World Association of Zoos and Aquaria (WAZA). The aim was to develop a growing captive population so that wild individuals would no longer be harvested. Unfortunately it is a very difficult species to reproduce in zoological parks, and most of the captive individuals were in the United States. It was therefore necessary in 2011, faced with an aging population, to bring captive individuals from Asia to restore a reproductive boom to the species and develop the program towards Europe. Since then, some pairs are prolific, which gives a hope of conservation for the species, for possible reintroductions in areas where it has disappeared, if the environment is secure and stable for the future of the individuals.<\/p>\r\n<!-- \/wp:paragraph -->\r\n\r\n<!-- wp:paragraph -->\r\n<p>There is a very strong partnership between the zoological parks around the world that host this species, which led to the creation of the CLOUDED LEOPARD PROJECT. Thus, each of them must have crucial objectives: to promote the maximum welfare of the animals, to offer a food respecting the diet of the species, to continue scientific studies because still too rare among wild populations, and above all to encourage reproduction in order to sustain the future of the species in the long term (forecasts over a minimum of 100 years) thanks to breeding programs.<\/p>\r\n<!-- \/wp:paragraph -->\r\n\r\n<!-- wp:heading -->\r\n<h2 class=\" translation-block\"><strong>The Indian leopard <\/strong>(<em>Panthera pardus fusca<\/em>)<\/h2>\r\n<!-- \/wp:heading -->\r\n\r\n<!-- wp:paragraph -->\r\n<figure id=\"attachment_3934\" aria-describedby=\"caption-attachment-3934\" style=\"width: 300px\" class=\"wp-caption aligncenter\"><a href=\"https:\/\/cppr-pandaroux.org\/app\/uploads\/2025\/08\/IMG_2322.png\"><img loading=\"lazy\" decoding=\"async\" class=\"size-medium wp-image-3934\" src=\"https:\/\/cppr-pandaroux.org\/app\/uploads\/2025\/08\/IMG_2322-300x209.png\" alt=\"Panth\u00e8re indienne\" width=\"300\" height=\"209\" srcset=\"https:\/\/cppr-pandaroux.org\/app\/uploads\/2025\/08\/IMG_2322-300x209.png 300w, https:\/\/cppr-pandaroux.org\/app\/uploads\/2025\/08\/IMG_2322-768x534.png 768w, https:\/\/cppr-pandaroux.org\/app\/uploads\/2025\/08\/IMG_2322-18x12.png 18w, https:\/\/cppr-pandaroux.org\/app\/uploads\/2025\/08\/IMG_2322.png 968w\" sizes=\"auto, (max-width: 300px) 100vw, 300px\" \/><\/a><figcaption id=\"caption-attachment-3934\" class=\"wp-caption-text\">Panth\u00e8re indienne<\/figcaption><\/figure>\r\n<p><strong><strong>IUCN Status:<\/strong><\/strong> : <em>\u00ab\u00a0Vuln\u00e9rable\u00a0\u00bb<\/em><\/p>\r\n<!-- \/wp:paragraph -->\r\n\r\n<!-- wp:paragraph -->\r\n<p><strong>Classe\u00a0:<\/strong> <em>Mammif\u00e8res<\/em> <br> \r\n<strong>Ordre\u00a0:<\/strong> <em>Carnivores<\/em> <br> \r\n<strong>Famille\u00a0:<\/strong><em> F\u00e9lid\u00e9s<\/em> <br> \r\n<strong>Taille\u00a0:<\/strong> Varie entre 45 et 78 cm au garrot <br> \r\n<strong>Weight<\/strong> jusqu\u2019\u00e0 1,60 m (queue de 55 \u00e0 90 cm) <br> \r\n<strong>Weight :<\/strong> 58 kg for the male, 37 kg for the female (even up to 80 kg for individuals living in areas where there are no tigers, because the prey is more abundant!) <br> \r\n<strong>Food<\/strong> Small animals, deer, monkeys. In urban areas, pets and livestock account for 25% of its food, and sometimes even dogs and children unattended. <br> \r\nLongevity<\/strong> :12 to 15 years in the wild, up to 23 years in captivity (with a record of 26 years!) <br> \r\n<strong><strong>Geographic range :<\/strong><\/strong> Inde, N\u00e9pal, Bangladesh <br> \r\n<strong>Status\u00a0<\/strong><strong>:<\/strong> :Classified as Vulnerable by IUCN since 2016, population of approximately 15,000 wild individuals but increasing. CITES Appendix 1. <br> \r\n<strong>Threats:<\/strong> Poaching for fur and traditional Asian medicine, conflicts with breeders, scarcity of prey. <br> \r\n<strong>Captivity:<\/strong> Since the beginning of the era of the menageries, the panthers were not studied at all and many crosses between subspecies were carried out. Fortunately, thanks to scientific research and the involvement of zoological parks in this field since the early 1960s \u2013 1970, 9 subspecies are now identified, while others have unfortunately disappeared since, described by explorers or scientists of the time.<\/p>\r\n<!-- \/wp:paragraph -->\r\n\r\n<!-- wp:paragraph -->\r\n<p>Each is divided into natural areas between Africa and Asia, and since the creation of breeding programs for the most threatened among them (such as the Amur leopard or the Java leopard) no hybridization is tolerated in order to keep genetically reliable populations in captivity.<\/p>\r\n<!-- \/wp:paragraph -->\r\n\r\n<!-- wp:paragraph -->\r\n<p>The only reintroduction program currently underway for one of these subspecies is the Amur Leopard in Eastern Siberia, as it is classified as a critically endangered species (only 50 individuals listed in 2016). Orchestrated by the AMUR LEOPARD CONSERVATION TRUST, the TIGRIS program and the NGO WILDCATS CONSERVATION ALLIANCE, and evidently supported by numerous institutions, some captive individuals born in zoological parks of the United States, Canada, Russia, and even a male born in France, will discover day-life on the spot so that their descendants are reintroduced into nature.<\/p>\r\n<!-- \/wp:paragraph -->\r\n\r\n<!-- wp:paragraph -->\r\n<p>Many zoological parks support associations and NGOs of field for the protection of other subspecies of panthers that do not yet benefit from reintroduction programs, the Human\/Animal conflict being still too important in their environments of life.<\/p>\r\n<!-- \/wp:paragraph -->\r\n\r\n<!-- wp:heading -->\r\n<h2 class=\" translation-block\">Snow leopard (<em>panthera uncia<\/em>)<\/h2>\r\n<!-- \/wp:heading -->\r\n\r\n<!-- wp:paragraph -->\r\n<figure id=\"attachment_3935\" aria-describedby=\"caption-attachment-3935\" style=\"width: 300px\" class=\"wp-caption aligncenter\"><a href=\"https:\/\/cppr-pandaroux.org\/app\/uploads\/2025\/08\/IMG_2323-scaled.jpeg\"><img loading=\"lazy\" decoding=\"async\" class=\"size-medium wp-image-3935\" src=\"https:\/\/cppr-pandaroux.org\/app\/uploads\/2025\/08\/IMG_2323-300x200.jpeg\" alt=\"Panth\u00e8re des neiges\" width=\"300\" height=\"200\" srcset=\"https:\/\/cppr-pandaroux.org\/app\/uploads\/2025\/08\/IMG_2323-300x200.jpeg 300w, https:\/\/cppr-pandaroux.org\/app\/uploads\/2025\/08\/IMG_2323-1024x683.jpeg 1024w, https:\/\/cppr-pandaroux.org\/app\/uploads\/2025\/08\/IMG_2323-768x512.jpeg 768w, https:\/\/cppr-pandaroux.org\/app\/uploads\/2025\/08\/IMG_2323-1536x1024.jpeg 1536w, https:\/\/cppr-pandaroux.org\/app\/uploads\/2025\/08\/IMG_2323-2048x1365.jpeg 2048w, https:\/\/cppr-pandaroux.org\/app\/uploads\/2025\/08\/IMG_2323-18x12.jpeg 18w\" sizes=\"auto, (max-width: 300px) 100vw, 300px\" \/><\/a><figcaption id=\"caption-attachment-3935\" class=\"wp-caption-text\">Panth\u00e8re des neiges<\/figcaption><\/figure>\r\n<p><strong>Statut\u00a0UICN\u00a0:<\/strong> <em>Vulnerable<\/em><\/p>\r\n<!-- \/wp:paragraph -->\r\n\r\n<!-- wp:paragraph -->\r\n<p><strong>Classe\u00a0:<\/strong> <em>Mammif\u00e8res<\/em> <br> \r\n<strong>Ordre\u00a0:<\/strong> <em>Carnivores<\/em> <br> \r\n<strong>Famille\u00a0:<\/strong><em> F\u00e9lid\u00e9s<\/em> <br> \r\n<strong>Taille\u00a0: <\/strong>60 cm at withers <br> \r\n<strong>Weight<\/strong> up to 2.30 m depending on the adult individuals (0.90 cm to 1.10 m for the tail) <br> \r\n<strong>Weight :<\/strong> between 40 and 55 kg <br> \r\n<strong>Food<\/strong> Especially high mountain herbivores, including goats (bharals, takins, mouflons, markhors, etc.), occasionally small mammals and birds, many plants such as herbs and twigs (proportionally to other felines).<\/p>\r\n<!-- \/wp:paragraph -->\r\n\r\n<!-- wp:paragraph -->\r\n<p>It is only an occasional predator of the red panda, because it lives in very steep and rugged terrain of high mountains (up to 6000 m of altitude), favoring open areas for a better visibility for predation purposes, so almost no big tree.<\/p>\r\n<!-- \/wp:paragraph -->\r\n\r\n<!-- wp:paragraph -->\r\n<p><strong>Longevity<\/strong> About 15 years in the wild, about 20 years in captivity. <br> \r\n<strong><strong>Geographic range :<\/strong><\/strong> Much of Central Asia, from Russia to Nepal and Bhutan, from Pakistan to China. <br> \r\n<strong>Status<\/strong> Species classified in Appendix 1 of the CITES, therefore trade prohibited animals or parts. <br> \r\nEstimated populations between 4500 and 9000 wild individuals, species classified as vulnerable by IUCN since 2017 (previously endangered) <br> \r\nThreats:<\/strong> The extension of livestock grazing areas limits the range of its prey, which also makes them rarer. The snow leopard thus willingly attacks cattle, so the breeders hunt it in retaliation. Moreover, marmots and other rodents that it feeds on are often poisoned because they are considered pest. It is also poached for its fur and for traditional Chinese medicine. <br> \r\n<strong>Captivity:<\/strong> The first individuals to be observed in captivity date back to the late 1800s. The earliest births occurred around 1910. As the species reproduces quite well, the first breeding programmes began around 1970, which greatly increased the populations, so genetically speaking that the Russian zoological parks, Japanese, Australian and Indian programs began in the late 1980s. As a result, no wild individuals would be taken from the wild.<\/p>\r\n<!-- \/wp:paragraph -->\r\n\r\n<!-- wp:paragraph -->\r\n<p>At the moment, there have been so many births that some breeding programs recommend not to reproduce certain couples, because they are too genetically represented! A simple contraceptive implant is necessary to not sterilize individuals in case of potential reintroduction.<\/p>\r\n<!-- \/wp:paragraph -->\r\n\r\n<!-- wp:paragraph -->\r\n<p>In order to rapidly advance the possibilities of reintroduction, almost all the zoological parks hosting the species financially support the SNOW LEOPARD TRUST, which studies and develops conservation programs with wild snow leopards. One of the priority actions carried out: The association finances secure enclosures for livestock, if the breeders commit to no more killing leopards, and not poisoning the local wildlife considered pest.<\/p>\r\n<!-- \/wp:paragraph -->\r\n\r\n<!-- wp:heading -->\r\n<h2><span class=\"ez-toc-section\" id=\"La_martre_a_gorge_jaune_martes_flavigula\"><\/span>Yellow-throated marten<em>(<em>martes flavigula<\/em>)<\/em>)<span class=\"ez-toc-section-end\"><\/span><\/h2>\r\n<!-- \/wp:heading -->\r\n\r\n<!-- wp:paragraph -->\r\n<figure id=\"attachment_3936\" aria-describedby=\"caption-attachment-3936\" style=\"width: 300px\" class=\"wp-caption aligncenter\"><a href=\"https:\/\/cppr-pandaroux.org\/app\/uploads\/2025\/08\/IMG_2324.png\"><img loading=\"lazy\" decoding=\"async\" class=\"size-medium wp-image-3936\" src=\"https:\/\/cppr-pandaroux.org\/app\/uploads\/2025\/08\/IMG_2324-300x200.png\" alt=\"La martre \u00e0 gorge jaune\" width=\"300\" height=\"200\" srcset=\"https:\/\/cppr-pandaroux.org\/app\/uploads\/2025\/08\/IMG_2324-300x200.png 300w, https:\/\/cppr-pandaroux.org\/app\/uploads\/2025\/08\/IMG_2324-1024x682.png 1024w, https:\/\/cppr-pandaroux.org\/app\/uploads\/2025\/08\/IMG_2324-768x512.png 768w, https:\/\/cppr-pandaroux.org\/app\/uploads\/2025\/08\/IMG_2324-18x12.png 18w, https:\/\/cppr-pandaroux.org\/app\/uploads\/2025\/08\/IMG_2324.png 1280w\" sizes=\"auto, (max-width: 300px) 100vw, 300px\" \/><\/a><figcaption id=\"caption-attachment-3936\" class=\"wp-caption-text\">La martre \u00e0 gorge jaune<\/figcaption><\/figure>\r\n<p><strong>Statut UICN\u00a0:<\/strong> <em>\u00ab Pr\u00e9occupation mineure\u00a0<\/em> <br> <strong>Classe :<\/strong> <em>Mammif\u00e8res<\/em> <br> \r\n<strong>Ordre\u00a0:<\/strong> <em>Carnivores<\/em> <br> \r\n<strong>Famille\u00a0:<\/strong> <em><em>Mustelidae<\/em><\/em> <br> \r\n<strong>Taille \/ poids\u00a0:<\/strong> <em>can be more than one metre long (head to tail), and weigh up to 3.5 kg<\/em> <br> \r\n<strong>Longevity<\/strong> <em>10 to 15 years<\/em><\/p>\r\n<!-- \/wp:paragraph -->\r\n\r\n<!-- wp:paragraph -->\r\n<p><strong>Diet :<\/strong> This little-known animal is rather omnivorous. Marten eat small animals as well as nuts or fruits. However, it can also hunt larger animals such as young cervids in groups. The red panda is not a usual prey but the marten is opportunistic. It can hunt young red pandas if the opportunity arises.<\/p>\r\n<!-- \/wp:paragraph -->\r\n\r\n<!-- wp:paragraph -->\r\n<p>It is found in a wide variety of habitats, from the Himalayan zone in southern Indonesia to the northern Korean peninsula. It mainly inhabits the forests.<\/p>\r\n<!-- \/wp:paragraph -->","protected":false},"excerpt":{"rendered":"<p>Le panda roux est comme bien d\u2019autres animaux une proie potentielle pour ceux avec qui il partage son habitat. \u00c0 noter que la pr\u00e9dation n\u2019est pas une cause de disparition, mais une des r\u00e8gles qui r\u00e9git un \u00e9cosyst\u00e8me. En effet, les pr\u00e9dateurs se nourrissent et les populations qui sont des proies sont r\u00e9gul\u00e9es ! Voici [&hellip;]<\/p>\n","protected":false},"author":1,"featured_media":0,"parent":3787,"menu_order":0,"comment_status":"closed","ping_status":"closed","template":"","meta":{"_monsterinsights_skip_tracking":false,"_monsterinsights_sitenote_active":false,"_monsterinsights_sitenote_note":"","_monsterinsights_sitenote_category":0,"footnotes":""},"class_list":["post-333","page","type-page","status-publish","hentry"],"aioseo_notices":[],"_links":{"self":[{"href":"https:\/\/cppr-pandaroux.org\/en\/wp-json\/wp\/v2\/pages\/333","targetHints":{"allow":["GET"]}}],"collection":[{"href":"https:\/\/cppr-pandaroux.org\/en\/wp-json\/wp\/v2\/pages"}],"about":[{"href":"https:\/\/cppr-pandaroux.org\/en\/wp-json\/wp\/v2\/types\/page"}],"author":[{"embeddable":true,"href":"https:\/\/cppr-pandaroux.org\/en\/wp-json\/wp\/v2\/users\/1"}],"replies":[{"embeddable":true,"href":"https:\/\/cppr-pandaroux.org\/en\/wp-json\/wp\/v2\/comments?post=333"}],"version-history":[{"count":10,"href":"https:\/\/cppr-pandaroux.org\/en\/wp-json\/wp\/v2\/pages\/333\/revisions"}],"predecessor-version":[{"id":3939,"href":"https:\/\/cppr-pandaroux.org\/en\/wp-json\/wp\/v2\/pages\/333\/revisions\/3939"}],"up":[{"embeddable":true,"href":"https:\/\/cppr-pandaroux.org\/en\/wp-json\/wp\/v2\/pages\/3787"}],"wp:attachment":[{"href":"https:\/\/cppr-pandaroux.org\/en\/wp-json\/wp\/v2\/media?parent=333"}],"curies":[{"name":"wp","href":"https:\/\/api.w.org\/{rel}","templated":true}]}}