{"id":325,"date":"2020-06-25T23:16:43","date_gmt":"2020-06-25T21:16:43","guid":{"rendered":"https:\/\/cppr-pandaroux.org\/?page_id=325"},"modified":"2025-08-06T15:27:10","modified_gmt":"2025-08-06T13:27:10","slug":"presentation-du-panda-roux","status":"publish","type":"page","link":"https:\/\/cppr-pandaroux.org\/en\/le-panda-roux\/presentation-du-panda-roux\/","title":{"rendered":"Presentation of the Red Panda"},"content":{"rendered":"<div style=\"background-color: #f0f0f2; padding: 20px 20px 0px 20px; border-radius: 10px;\">\r\n<p>Also called <span style=\"color: #cc5500;\"> little panda<\/span>, as opposed to the giant panda, <span style=\"color: #cc5500;\"> panda \u00e9clatant<\/span>, in reference to its scientific name\u00a0<strong><em>Ailurus fulgens<\/em><\/strong>\u00a0(which comes from the Greek Ailuros which means \"tail-balance\" and designates a cat, and from the Latin fulgens which means bright), or <span style=\"color: #cc5500;\"> renard de feu<\/span> (firefox in English), which is the translation of the Chinese term, the red panda was initially classified in the Procyonidae family, due to its morphological resemblance to raccoons. Later, it moved to the Ursidae family, like its distant cousin the giant panda.<\/p><div id=\"ez-toc-container\" class=\"ez-toc-v2_0_82_2 ez-toc-wrap-right-text counter-hierarchy ez-toc-counter ez-toc-custom ez-toc-container-direction\">\n<div class=\"ez-toc-title-container\">\n<p class=\"ez-toc-title\" style=\"cursor:inherit\">Sommaire<\/p>\n<span class=\"ez-toc-title-toggle\"><a href=\"#\" class=\"ez-toc-pull-right ez-toc-btn ez-toc-btn-xs ez-toc-btn-default ez-toc-toggle\" aria-label=\"Toggle Table of Content\"><span class=\"ez-toc-js-icon-con\"><span class=\"\"><span class=\"eztoc-hide\" style=\"display:none;\">Toggle<\/span><span class=\"ez-toc-icon-toggle-span\"><svg style=\"fill: #ffffff;color:#ffffff\" xmlns=\"http:\/\/www.w3.org\/2000\/svg\" class=\"list-377408\" width=\"20px\" height=\"20px\" viewbox=\"0 0 24 24\" fill=\"none\"><path d=\"M6 6H4v2h2V6zm14 0H8v2h12V6zM4 11h2v2H4v-2zm16 0H8v2h12v-2zM4 16h2v2H4v-2zm16 0H8v2h12v-2z\" fill=\"currentColor\"><\/path><\/svg><svg style=\"fill: #ffffff;color:#ffffff\" class=\"arrow-unsorted-368013\" xmlns=\"http:\/\/www.w3.org\/2000\/svg\" width=\"10px\" height=\"10px\" viewbox=\"0 0 24 24\" version=\"1.2\" baseprofile=\"tiny\"><path d=\"M18.2 9.3l-6.2-6.3-6.2 6.3c-.2.2-.3.4-.3.7s.1.5.3.7c.2.2.4.3.7.3h11c.3 0 .5-.1.7-.3.2-.2.3-.5.3-.7s-.1-.5-.3-.7zM5.8 14.7l6.2 6.3 6.2-6.3c.2-.2.3-.5.3-.7s-.1-.5-.3-.7c-.2-.2-.4-.3-.7-.3h-11c-.3 0-.5.1-.7.3-.2.2-.3.5-.3.7s.1.5.3.7z\"\/><\/svg><\/span><\/span><\/span><\/a><\/span><\/div>\n<nav><ul class='ez-toc-list ez-toc-list-level-1' ><li class='ez-toc-page-1 ez-toc-heading-level-2'><a class=\"ez-toc-link ez-toc-heading-1\" href=\"https:\/\/cppr-pandaroux.org\/en\/le-panda-roux\/presentation-du-panda-roux\/#Famille_et_sous-especes\" >Family and subspecies<\/a><\/li><li class='ez-toc-page-1 ez-toc-heading-level-2'><a class=\"ez-toc-link ez-toc-heading-2\" href=\"https:\/\/cppr-pandaroux.org\/en\/le-panda-roux\/presentation-du-panda-roux\/#Apparence\" >Appearance<\/a><\/li><li class='ez-toc-page-1 ez-toc-heading-level-2'><a class=\"ez-toc-link ez-toc-heading-3\" href=\"https:\/\/cppr-pandaroux.org\/en\/le-panda-roux\/presentation-du-panda-roux\/#Comportement_et_Mode_de_vie\" >Behavior and Lifestyle<\/a><\/li><li class='ez-toc-page-1 ez-toc-heading-level-2'><a class=\"ez-toc-link ez-toc-heading-4\" href=\"https:\/\/cppr-pandaroux.org\/en\/le-panda-roux\/presentation-du-panda-roux\/#Reproduction\" >Breeding<\/a><\/li><li class='ez-toc-page-1 ez-toc-heading-level-2'><a class=\"ez-toc-link ez-toc-heading-5\" href=\"https:\/\/cppr-pandaroux.org\/en\/le-panda-roux\/presentation-du-panda-roux\/#Habitat\" >Habitat<\/a><\/li><li class='ez-toc-page-1 ez-toc-heading-level-2'><a class=\"ez-toc-link ez-toc-heading-6\" href=\"https:\/\/cppr-pandaroux.org\/en\/le-panda-roux\/presentation-du-panda-roux\/#Origine_du_nom\" >Origin of the name<\/a><\/li><li class='ez-toc-page-1 ez-toc-heading-level-2'><a class=\"ez-toc-link ez-toc-heading-7\" href=\"https:\/\/cppr-pandaroux.org\/en\/le-panda-roux\/presentation-du-panda-roux\/#Regime_alimentaire\" >Diet<\/a><\/li><li class='ez-toc-page-1 ez-toc-heading-level-2'><a class=\"ez-toc-link ez-toc-heading-8\" href=\"https:\/\/cppr-pandaroux.org\/en\/le-panda-roux\/presentation-du-panda-roux\/#Le_Panda_Roux_dans_le_Monde\" >Red panda in the world<\/a><\/li><\/ul><\/nav><\/div>\n\r\n<\/div>\r\n\r\n<div class=\"wp-block-image is-style-default\">\r\n<figure class=\"aligncenter size-large is-resized\"><img loading=\"lazy\" decoding=\"async\" class=\"wp-image-442\" src=\"https:\/\/cppr-pandaroux.org\/app\/uploads\/2020\/06\/red_panda_1.jpg\" alt=\"\" width=\"3000\" height=\"2000\" \/><\/figure>\r\n<\/div>\r\n\r\n<h2><span class=\"ez-toc-section\" id=\"Famille_et_sous-especes\"><\/span>Family and subspecies<span class=\"ez-toc-section-end\"><\/span><\/h2>\r\n<p>But scientific studies have highlighted its particularity and a family was then dedicated to it, that of the <span style=\"color: #cc5500;\"><em> Ailuridae<\/em><\/span>, ranked with Mustelidae (weasels), Procyonidae (raccoons) and Mephtidae (skunks) in the superfamily <span style=\"color: #cc5500;\"><em>Musteloidea<\/em><\/span>, which belongs to the order of Carnivores.\u00a0<\/p>\r\n<!-- \/wp:post-content -->\r\n\r\n<!-- wp:paragraph -->\r\n<p class=\" translation-block\">There are two subspecies of red pandas: the small panda of India (A. fulgens fulgens) and the small panda of Styan (A. fulgens styani). The second, slightly larger and darker than the first, is found only in northern Myanmar and in some provinces of China (from the Hengduan Mountains to Sichuan, as well as east of the Nujiang River of Yunnan Province). The small panda from India can be seen in Nepal, Bhutan, north-eastern India (West-Bengal, Sikkim, Arunachal, Pradesh) and in part of China. It is the national emblem of Sikkim.<\/p>\r\n<!-- \/wp:paragraph -->\r\n\r\n<!-- wp:image {\"id\":443,\"width\":2234,\"height\":1787,\"sizeSlug\":\"large\"} -->\r\n<figure class=\"wp-block-image size-large is-resized\"><a href=\"https:\/\/cppr-pandaroux.org\/app\/uploads\/2020\/06\/mt-sample-background.jpg\"><img loading=\"lazy\" decoding=\"async\" class=\"wp-image-688 size-medium aligncenter\" src=\"https:\/\/cppr-pandaroux.org\/app\/uploads\/2020\/06\/mt-sample-background-300x200.jpg\" alt=\"\" width=\"300\" height=\"200\" srcset=\"https:\/\/cppr-pandaroux.org\/app\/uploads\/2020\/06\/mt-sample-background-300x200.jpg 300w, https:\/\/cppr-pandaroux.org\/app\/uploads\/2020\/06\/mt-sample-background-1024x683.jpg 1024w, https:\/\/cppr-pandaroux.org\/app\/uploads\/2020\/06\/mt-sample-background-768x512.jpg 768w, https:\/\/cppr-pandaroux.org\/app\/uploads\/2020\/06\/mt-sample-background-1536x1024.jpg 1536w, https:\/\/cppr-pandaroux.org\/app\/uploads\/2020\/06\/mt-sample-background-18x12.jpg 18w, https:\/\/cppr-pandaroux.org\/app\/uploads\/2020\/06\/mt-sample-background.jpg 1920w\" sizes=\"auto, (max-width: 300px) 100vw, 300px\" \/><\/a><\/figure>\r\n<!-- \/wp:image -->\r\n<h2><span class=\"ez-toc-section\" id=\"Apparence\"><\/span>Appearance<span class=\"ez-toc-section-end\"><\/span><\/h2>\r\n<!-- wp:paragraph -->\r\n<p>The rend panda measures <strong>50 to 60cm long<\/strong>, without the tail (which itself is 30 to 50 cm), and less than 30 cm high at the withers. It has reddish-brown fur on its back, black on its belly and legs, and white inside its ears, cheeks, muzzle and eyebrows. Its tail, ringed with red and beige, serves as a balance when climbing. It is a remarkable climber capable of descending a tree head first, thanks to its powerful semi-retractable claws and its hind legs, which have the ability to pivot through nearly 90\u00b0. It has the particularity of having hair all the way to the tips of its legs and between its pads, which allows it to withstand winter climates well. <br \/><br \/>Despite its thick fur, the red panda does not weigh much, between <strong>3 and 6 kilograms<\/strong>Its most developed senses are sight and smell. Finally, just like its cousin the giant panda, the red panda has a sixth toe on its front paws. This is not an opposable thumb like in primates, but a modified wrist bone that acts as a false thumb and allows pandas to grasp bamboo branches more easily. <span style=\"color: #cc5500;\">lives on average 14 years<\/span> (8 to 10 years in the wild, up to 18 years in captivity).<\/p>\r\n<!-- \/wp:paragraph -->\r\n<h2><span class=\"ez-toc-section\" id=\"Comportement_et_Mode_de_vie\"><\/span>Behavior and Lifestyle<span class=\"ez-toc-section-end\"><\/span><\/h2>\r\n<!-- wp:paragraph -->\r\n<p>Red pandas are solitary and mostly nocturnal. Male and female home ranges overlap, but they rarely see each other. Red pandas conserve energy and only cover a quarter of their home range per month. They mark their territory in several ways, including urinating and depositing secretions from their anal glands and pads along the boundaries of their territory. They also have \"communal latrines\" that mark their boundaries, allowing them to share information, such as whether or not females are in heat. They also communicate through a variety of sounds (grunts, hisses, etc.) and gestures (head nodding, tail wagging, etc.).<\/p>\r\n<!-- \/wp:paragraph -->\r\n<h2><span class=\"ez-toc-section\" id=\"Reproduction\"><\/span>Breeding<span class=\"ez-toc-section-end\"><\/span><\/h2>\r\n<!-- wp:paragraph -->\r\n<p>During the breeding season, from January to March, male and female mate. Then each one resumes his activities on his side, the female raising alone her 2 cubs (rarely 3 or 4) after 135 days of gestation on average. The cubs are born between May and July, measuring only 6 cm and weighing just over 100 g.<br \/>They already have a small fur but keep their eyes closed for up to 18 days. They will not come out of the den until after 3 months, and will be weaned at 5 months. They will stay with their mother for about a year, in all, while reaching their adult size, and will be sexually mature around 18-20 months.<\/p>\r\n<p><a href=\"https:\/\/cppr-pandaroux.org\/app\/uploads\/2020\/06\/red_panda_4-1.jpg\"><img loading=\"lazy\" decoding=\"async\" class=\"aligncenter size-medium wp-image-629\" src=\"https:\/\/cppr-pandaroux.org\/app\/uploads\/2020\/06\/red_panda_4-1-300x200.jpg\" alt=\"\" width=\"300\" height=\"200\" srcset=\"https:\/\/cppr-pandaroux.org\/app\/uploads\/2020\/06\/red_panda_4-1-300x200.jpg 300w, https:\/\/cppr-pandaroux.org\/app\/uploads\/2020\/06\/red_panda_4-1-1024x683.jpg 1024w, https:\/\/cppr-pandaroux.org\/app\/uploads\/2020\/06\/red_panda_4-1-768x512.jpg 768w, https:\/\/cppr-pandaroux.org\/app\/uploads\/2020\/06\/red_panda_4-1-1536x1024.jpg 1536w, https:\/\/cppr-pandaroux.org\/app\/uploads\/2020\/06\/red_panda_4-1-18x12.jpg 18w, https:\/\/cppr-pandaroux.org\/app\/uploads\/2020\/06\/red_panda_4-1.jpg 1920w\" sizes=\"auto, (max-width: 300px) 100vw, 300px\" \/><\/a><\/p>\r\n<!-- \/wp:paragraph -->\r\n\r\n<!-- wp:image {\"align\":\"center\",\"id\":445,\"sizeSlug\":\"large\"} -->\r\n<div class=\"wp-block-image\">\u00a0<\/div>\r\n<!-- \/wp:image -->\r\n<h2><span class=\"ez-toc-section\" id=\"Habitat\"><\/span>Habitat<span class=\"ez-toc-section-end\"><\/span><\/h2>\r\n<!-- wp:paragraph -->\r\n<p>Red pandas live in the temperate forests of fir, deciduous trees and other rhododendrons in the foothills of the Himalayas (between 1000 and 4800m above sea level). The temperature in this region is cool but there is little annual variation. They are particularly fond of <span style=\"color: #cc5500;\">bamboo undergrowth<\/span>, which provide them with most of their food. However, these undergrowths only form narrow strips throughout their distribution area, which greatly limits their territory.<\/p>\r\n<p><a href=\"https:\/\/cppr-pandaroux.org\/app\/uploads\/2020\/06\/background-scaled.jpeg\"><img loading=\"lazy\" decoding=\"async\" class=\"aligncenter size-medium wp-image-689\" src=\"https:\/\/cppr-pandaroux.org\/app\/uploads\/2020\/06\/background-300x200.jpeg\" alt=\"\" width=\"300\" height=\"200\" srcset=\"https:\/\/cppr-pandaroux.org\/app\/uploads\/2020\/06\/background-300x200.jpeg 300w, https:\/\/cppr-pandaroux.org\/app\/uploads\/2020\/06\/background-1024x683.jpeg 1024w, https:\/\/cppr-pandaroux.org\/app\/uploads\/2020\/06\/background-768x512.jpeg 768w, https:\/\/cppr-pandaroux.org\/app\/uploads\/2020\/06\/background-1536x1024.jpeg 1536w, https:\/\/cppr-pandaroux.org\/app\/uploads\/2020\/06\/background-2048x1365.jpeg 2048w, https:\/\/cppr-pandaroux.org\/app\/uploads\/2020\/06\/background-18x12.jpeg 18w\" sizes=\"auto, (max-width: 300px) 100vw, 300px\" \/><\/a><\/p>\r\n<h2><span class=\"ez-toc-section\" id=\"Origine_du_nom\"><\/span>Origin of the name<span class=\"ez-toc-section-end\"><\/span><\/h2>\r\n<!-- \/wp:paragraph -->\r\n\r\n<!-- wp:image {\"id\":444,\"width\":2801,\"height\":1867,\"sizeSlug\":\"large\"} -->\r\n<figure class=\"wp-block-image size-large is-resized\"><\/figure>\r\n<!-- \/wp:image -->\r\n\r\n<!-- wp:paragraph -->\r\n<p>The term panda is an anglicization of the word <strong>\u00ab\u00a0poonya\u00a0\u00bb<\/strong> which means \"bamboo eater.\" Indeed, the diet of red pandas consists of <span style=\"color: #cc5500;\">95% bamboo<\/span>, a fact that is at least unusual among Carnivores, which apparently comes from an ancient adaptation of the animal, since scientists have found fossils of similar species in Europe and North America dating from the Miocene (25 to 5 million years ago) and the Pliocene (5 to 2 million years ago), suggesting that the animal once had a much wider distribution area, corresponding to the amount of bamboo growing on the planet in response to different climate changes. <br \/>Fortunately for the species, bamboo continues to thrive in South Asia. The remaining 5% of its diet is <span style=\"color: #cc5500;\">fruits, berries, roots, bark, mushrooms, lichen, insects and other small animals<\/span>, which he finds in the summer period.<\/p>\r\n<!-- \/wp:paragraph -->\r\n<h2><span class=\"ez-toc-section\" id=\"Regime_alimentaire\"><\/span>Diet<span class=\"ez-toc-section-end\"><\/span><\/h2>\r\n<!-- wp:paragraph -->\r\n<p>The red panda's dietary specialization has a big impact on its daily life. Indeed, bamboo is very rich in fibers that are indigestible by our little carnivore, which has neither the teeth nor the adapted digestive system. As a result, it only extracts a quarter of the nutrients it needs from bamboo. And since bamboo is its only food source in winter, the red panda can lose up to 15% of its weight during this period. As a result, it has adapted its behavior to meet its energy needs. For example, the red panda can spend <span style=\"color: #cc5500;\">up to 13 hours a day <\/span>nibbling on young bamboo shoots and leaves. It also has a very low metabolism, which can slow down when temperatures drop. Finally, its thick fur allows it to retain its body heat well, especially since it is not very large, and when it sleeps, it generally curls up, bringing its bushy tail over its nose.<\/p>\r\n<p><a href=\"https:\/\/cppr-pandaroux.org\/app\/uploads\/2025\/08\/IMG_2303.jpeg\"><img loading=\"lazy\" decoding=\"async\" class=\"aligncenter size-medium wp-image-3891\" src=\"https:\/\/cppr-pandaroux.org\/app\/uploads\/2025\/08\/IMG_2303-300x51.jpeg\" alt=\"\" width=\"300\" height=\"51\" srcset=\"https:\/\/cppr-pandaroux.org\/app\/uploads\/2025\/08\/IMG_2303-300x51.jpeg 300w, https:\/\/cppr-pandaroux.org\/app\/uploads\/2025\/08\/IMG_2303-768x132.jpeg 768w, https:\/\/cppr-pandaroux.org\/app\/uploads\/2025\/08\/IMG_2303-18x3.jpeg 18w, https:\/\/cppr-pandaroux.org\/app\/uploads\/2025\/08\/IMG_2303.jpeg 800w\" sizes=\"auto, (max-width: 300px) 100vw, 300px\" \/><\/a><\/p>\r\n<!-- \/wp:paragraph -->\r\n\r\n<!-- wp:image {\"align\":\"center\"} \/-->\r\n<h2><span class=\"ez-toc-section\" id=\"Le_Panda_Roux_dans_le_Monde\"><\/span>Red panda in the world<span class=\"ez-toc-section-end\"><\/span><\/h2>\r\n<!-- wp:paragraph -->\r\n<p>The exact size of the current red panda population in the wild is unknown, but it is estimated that there are still <strong>less than 10,000 individuals<\/strong> and that this population is decreasing. The species is also classified <span style=\"color: #cc5500;\"><strong>Endangered in the IUCN Red List <\/strong><\/span>(International Union for Conservation of Nature), and in <span style=\"color: #cc5500;\"><strong>CITES Annex 1<\/strong><\/span> (International Convention on Trade in Endangered Species). Apart from its natural predator, the clouded leopard, this population decline is mainly due to the <strong>reduction of its habitat<\/strong>, for forestry for example, but also for <strong>poaching<\/strong>, in tradition, a red panda hair hat was offered to the future groom to bring him luck, or even to the <strong>inbreeding<\/strong>, because due to the fragmentation of their habitat, red panda populations are isolated from each other.<br \/><br \/>Several countries have established <span style=\"color: #cc5500;\">protected areas<\/span>, like China, whose giant panda sanctuaries benefit many other species, such as the red panda, but protection measures have yet to be developed. Many Nepalese rely on the red panda habitat for survival because they currently have no other viable economic alternatives.<\/p>\r\n<p><a href=\"https:\/\/cppr-pandaroux.org\/app\/uploads\/2025\/08\/IMG_2306.png\"><img loading=\"lazy\" decoding=\"async\" class=\"aligncenter size-medium wp-image-3893\" src=\"https:\/\/cppr-pandaroux.org\/app\/uploads\/2025\/08\/IMG_2306-234x300.png\" alt=\"\" width=\"234\" height=\"300\" srcset=\"https:\/\/cppr-pandaroux.org\/app\/uploads\/2025\/08\/IMG_2306-234x300.png 234w, https:\/\/cppr-pandaroux.org\/app\/uploads\/2025\/08\/IMG_2306-797x1024.png 797w, https:\/\/cppr-pandaroux.org\/app\/uploads\/2025\/08\/IMG_2306-768x986.png 768w, https:\/\/cppr-pandaroux.org\/app\/uploads\/2025\/08\/IMG_2306-1196x1536.png 1196w, https:\/\/cppr-pandaroux.org\/app\/uploads\/2025\/08\/IMG_2306-1595x2048.png 1595w, https:\/\/cppr-pandaroux.org\/app\/uploads\/2025\/08\/IMG_2306-9x12.png 9w, https:\/\/cppr-pandaroux.org\/app\/uploads\/2025\/08\/IMG_2306-300x385.png 300w, https:\/\/cppr-pandaroux.org\/app\/uploads\/2025\/08\/IMG_2306.png 1632w\" sizes=\"auto, (max-width: 234px) 100vw, 234px\" \/><\/a>Associations like the <strong>\u00ab\u00a0Red Panda Network\u00a0\u00bb <\/strong>are working on site with local authorities to try to create a new system in which the conservation of red panda habitat would benefit surrounding communities. <br \/><br \/>Furthermore, <strong>zoos around the world <\/strong>have mobilized to preserve the species by participating in breeding programs, with the aim of obtaining a large captive population with great genetic diversity so that one day they can be reintroduced into their natural environment.<\/p>\r\n<!-- \/wp:paragraph -->\r\n\r\n<!-- wp:group -->\r\n<div class=\"wp-block-group\">\r\n<div class=\"wp-block-group__inner-container\"><a href=\"https:\/\/cppr-pandaroux.org\/app\/uploads\/2025\/08\/IMG_2307.png\"><img loading=\"lazy\" decoding=\"async\" class=\"aligncenter size-medium wp-image-3895\" src=\"https:\/\/cppr-pandaroux.org\/app\/uploads\/2025\/08\/IMG_2307-300x300.png\" alt=\"\" width=\"300\" height=\"300\" srcset=\"https:\/\/cppr-pandaroux.org\/app\/uploads\/2025\/08\/IMG_2307-300x300.png 300w, https:\/\/cppr-pandaroux.org\/app\/uploads\/2025\/08\/IMG_2307-150x150.png 150w, https:\/\/cppr-pandaroux.org\/app\/uploads\/2025\/08\/IMG_2307-12x12.png 12w, https:\/\/cppr-pandaroux.org\/app\/uploads\/2025\/08\/IMG_2307-100x100.png 100w, https:\/\/cppr-pandaroux.org\/app\/uploads\/2025\/08\/IMG_2307-50x50.png 50w, https:\/\/cppr-pandaroux.org\/app\/uploads\/2025\/08\/IMG_2307.png 400w\" sizes=\"auto, (max-width: 300px) 100vw, 300px\" \/><\/a><\/div>\r\n<\/div>","protected":false},"excerpt":{"rendered":"<p>Aussi appel\u00e9 petit panda, par opposition au panda g\u00e9ant, panda \u00e9clatant, en r\u00e9f\u00e9rence \u00e0 son nom scientifique\u00a0Ailurus fulgens\u00a0(qui vient du grec Ailuros qui signifie \u00ab balance-queue \u00bb et d\u00e9signe un chat, et du latin fulgens qui veut dire \u00e9clatant), ou encore renard de feu (firefox en anglais), qui est la traduction du terme chinois, le [&hellip;]<\/p>\n","protected":false},"author":1,"featured_media":0,"parent":3787,"menu_order":0,"comment_status":"closed","ping_status":"closed","template":"","meta":{"_monsterinsights_skip_tracking":false,"_monsterinsights_sitenote_active":false,"_monsterinsights_sitenote_note":"","_monsterinsights_sitenote_category":0,"footnotes":""},"class_list":["post-325","page","type-page","status-publish","hentry"],"aioseo_notices":[],"_links":{"self":[{"href":"https:\/\/cppr-pandaroux.org\/en\/wp-json\/wp\/v2\/pages\/325","targetHints":{"allow":["GET"]}}],"collection":[{"href":"https:\/\/cppr-pandaroux.org\/en\/wp-json\/wp\/v2\/pages"}],"about":[{"href":"https:\/\/cppr-pandaroux.org\/en\/wp-json\/wp\/v2\/types\/page"}],"author":[{"embeddable":true,"href":"https:\/\/cppr-pandaroux.org\/en\/wp-json\/wp\/v2\/users\/1"}],"replies":[{"embeddable":true,"href":"https:\/\/cppr-pandaroux.org\/en\/wp-json\/wp\/v2\/comments?post=325"}],"version-history":[{"count":63,"href":"https:\/\/cppr-pandaroux.org\/en\/wp-json\/wp\/v2\/pages\/325\/revisions"}],"predecessor-version":[{"id":3897,"href":"https:\/\/cppr-pandaroux.org\/en\/wp-json\/wp\/v2\/pages\/325\/revisions\/3897"}],"up":[{"embeddable":true,"href":"https:\/\/cppr-pandaroux.org\/en\/wp-json\/wp\/v2\/pages\/3787"}],"wp:attachment":[{"href":"https:\/\/cppr-pandaroux.org\/en\/wp-json\/wp\/v2\/media?parent=325"}],"curies":[{"name":"wp","href":"https:\/\/api.w.org\/{rel}","templated":true}]}}