{"id":321,"date":"2020-06-25T22:55:58","date_gmt":"2020-06-25T20:55:58","guid":{"rendered":"https:\/\/cppr-pandaroux.org\/?page_id=321"},"modified":"2025-08-08T17:24:53","modified_gmt":"2025-08-08T15:24:53","slug":"missions-du-cppr","status":"publish","type":"page","link":"https:\/\/cppr-pandaroux.org\/en\/lassociation-cppr\/missions-du-cppr\/","title":{"rendered":"CPPR's aims"},"content":{"rendered":"<div style=\"background-color: #f0f0f2; padding: 20px 20px 20px 20px; border-radius: 10px;\">\"Conna\u00eetre et Prot\u00e9ger le Panda Roux\", or CPPR, is a non-profit association, created in June 2014 to participate in the preservation of the red panda and its natural ecosystem, currently threatened. <\/div>\r\n<!-- \/wp:post-content -->\r\n\r\n<!-- wp:paragraph -->\r\n<p><strong>\u2013 Raise public awareness<\/strong>\u00a0of the issues related to the disappearance of this mammal and its environment.<br \/><strong>\u2013 Enrich knowledge<\/strong>\u00a0young and old about this animal and its living environment.<br \/><strong>\u2013 Provide financial support<\/strong>\u00a0for in situ (in the wild) conservation programs for Red Panda.<br \/><strong>\u2013 Participate <\/strong>actively in conservation projects.<\/p>\r\n<!-- \/wp:paragraph -->\r\n\r\n<!-- wp:paragraph \/-->\r\n\r\n<!-- wp:paragraph \/-->\r\n\r\n<!-- wp:paragraph \/-->","protected":false},"excerpt":{"rendered":"<p>Conna\u00eetre et Prot\u00e9ger le Panda Roux\u00a0\u00bb, ou CPPR, est une association de loi 1901, cr\u00e9\u00e9e en juin 2014 dans le but de participer \u00e0 la pr\u00e9servation du panda roux et de son \u00e9cosyst\u00e8me naturel, actuellement menac\u00e9s. Pour r\u00e9aliser cet objectif, le CPPR s\u2019est fix\u00e9 plusieurs missions\u00a0: &#8211; Sensibiliser le public\u00a0aux probl\u00e9matiques li\u00e9es \u00e0 la disparition [&hellip;]<\/p>\n","protected":false},"author":1,"featured_media":0,"parent":3804,"menu_order":0,"comment_status":"closed","ping_status":"closed","template":"","meta":{"_monsterinsights_skip_tracking":false,"_monsterinsights_sitenote_active":false,"_monsterinsights_sitenote_note":"","_monsterinsights_sitenote_category":0,"footnotes":""},"class_list":["post-321","page","type-page","status-publish","hentry"],"aioseo_notices":[],"_links":{"self":[{"href":"https:\/\/cppr-pandaroux.org\/en\/wp-json\/wp\/v2\/pages\/321","targetHints":{"allow":["GET"]}}],"collection":[{"href":"https:\/\/cppr-pandaroux.org\/en\/wp-json\/wp\/v2\/pages"}],"about":[{"href":"https:\/\/cppr-pandaroux.org\/en\/wp-json\/wp\/v2\/types\/page"}],"author":[{"embeddable":true,"href":"https:\/\/cppr-pandaroux.org\/en\/wp-json\/wp\/v2\/users\/1"}],"replies":[{"embeddable":true,"href":"https:\/\/cppr-pandaroux.org\/en\/wp-json\/wp\/v2\/comments?post=321"}],"version-history":[{"count":7,"href":"https:\/\/cppr-pandaroux.org\/en\/wp-json\/wp\/v2\/pages\/321\/revisions"}],"predecessor-version":[{"id":4067,"href":"https:\/\/cppr-pandaroux.org\/en\/wp-json\/wp\/v2\/pages\/321\/revisions\/4067"}],"up":[{"embeddable":true,"href":"https:\/\/cppr-pandaroux.org\/en\/wp-json\/wp\/v2\/pages\/3804"}],"wp:attachment":[{"href":"https:\/\/cppr-pandaroux.org\/en\/wp-json\/wp\/v2\/media?parent=321"}],"curies":[{"name":"wp","href":"https:\/\/api.w.org\/{rel}","templated":true}]}}