{"id":317,"date":"2020-06-25T22:46:05","date_gmt":"2020-06-25T20:46:05","guid":{"rendered":"https:\/\/cppr-pandaroux.org\/?page_id=317"},"modified":"2025-08-08T17:22:06","modified_gmt":"2025-08-08T15:22:06","slug":"bureau-du-cppr","status":"publish","type":"page","link":"https:\/\/cppr-pandaroux.org\/en\/lassociation-cppr\/bureau-du-cppr\/","title":{"rendered":"CPPR board"},"content":{"rendered":"<div style=\"background-color: #f0f0f2; padding: 20px 20px 20px 20px; border-radius: 10px;\">The \"panda project\" was born in the summer of 2013, following the meeting of two female animal keepers who wanted to contribute to the preservation of biodiversity in general and shared a common passion for the \"red panda\" species in particular.<\/div><p><\/p><div id=\"ez-toc-container\" class=\"ez-toc-v2_0_82_2 ez-toc-wrap-right-text counter-hierarchy ez-toc-counter ez-toc-custom ez-toc-container-direction\">\n<div class=\"ez-toc-title-container\">\n<p class=\"ez-toc-title\" style=\"cursor:inherit\">Sommaire<\/p>\n<span class=\"ez-toc-title-toggle\"><a href=\"#\" class=\"ez-toc-pull-right ez-toc-btn ez-toc-btn-xs ez-toc-btn-default ez-toc-toggle\" aria-label=\"Toggle Table of Content\"><span class=\"ez-toc-js-icon-con\"><span class=\"\"><span class=\"eztoc-hide\" style=\"display:none;\">Toggle<\/span><span class=\"ez-toc-icon-toggle-span\"><svg style=\"fill: #ffffff;color:#ffffff\" xmlns=\"http:\/\/www.w3.org\/2000\/svg\" class=\"list-377408\" width=\"20px\" height=\"20px\" viewbox=\"0 0 24 24\" fill=\"none\"><path d=\"M6 6H4v2h2V6zm14 0H8v2h12V6zM4 11h2v2H4v-2zm16 0H8v2h12v-2zM4 16h2v2H4v-2zm16 0H8v2h12v-2z\" fill=\"currentColor\"><\/path><\/svg><svg style=\"fill: #ffffff;color:#ffffff\" class=\"arrow-unsorted-368013\" xmlns=\"http:\/\/www.w3.org\/2000\/svg\" width=\"10px\" height=\"10px\" viewbox=\"0 0 24 24\" version=\"1.2\" baseprofile=\"tiny\"><path d=\"M18.2 9.3l-6.2-6.3-6.2 6.3c-.2.2-.3.4-.3.7s.1.5.3.7c.2.2.4.3.7.3h11c.3 0 .5-.1.7-.3.2-.2.3-.5.3-.7s-.1-.5-.3-.7zM5.8 14.7l6.2 6.3 6.2-6.3c.2-.2.3-.5.3-.7s-.1-.5-.3-.7c-.2-.2-.4-.3-.7-.3h-11c-.3 0-.5.1-.7.3-.2.2-.3.5-.3.7s.1.5.3.7z\"\/><\/svg><\/span><\/span><\/span><\/a><\/span><\/div>\n<nav><ul class='ez-toc-list ez-toc-list-level-1' ><li class='ez-toc-page-1 ez-toc-heading-level-2'><a class=\"ez-toc-link ez-toc-heading-1\" href=\"https:\/\/cppr-pandaroux.org\/en\/lassociation-cppr\/bureau-du-cppr\/#A_linitiative_de_ce_projet_des_passionnees\" >This project was initiated by passionate people!<\/a><\/li><li class='ez-toc-page-1 ez-toc-heading-level-2'><a class=\"ez-toc-link ez-toc-heading-2\" href=\"https:\/\/cppr-pandaroux.org\/en\/lassociation-cppr\/bureau-du-cppr\/#Helene_ALLAIRE_presidente_du_CPPR\" >Helene ALLAIRE, President of the CPPR<\/a><\/li><li class='ez-toc-page-1 ez-toc-heading-level-2'><a class=\"ez-toc-link ez-toc-heading-3\" href=\"https:\/\/cppr-pandaroux.org\/en\/lassociation-cppr\/bureau-du-cppr\/#Anne-Gwenael_PERIO_vice-presidente_du_CPPR\" >Anne-Gwenael PERIO, Vice-President of the CPPR<\/a><\/li><li class='ez-toc-page-1 ez-toc-heading-level-2'><a class=\"ez-toc-link ez-toc-heading-4\" href=\"https:\/\/cppr-pandaroux.org\/en\/lassociation-cppr\/bureau-du-cppr\/#Betty_KNOPF_tresoriere_du_CPPR\" >Betty KNOPF, treasurer of the CPPR<\/a><\/li><li class='ez-toc-page-1 ez-toc-heading-level-2'><a class=\"ez-toc-link ez-toc-heading-5\" href=\"https:\/\/cppr-pandaroux.org\/en\/lassociation-cppr\/bureau-du-cppr\/#Alexis_LE_GAC_secretaire_du_CPPR\" >Alexis LE GAC, Secretary of the CPPR<\/a><\/li><li class='ez-toc-page-1 ez-toc-heading-level-2'><a class=\"ez-toc-link ez-toc-heading-6\" href=\"https:\/\/cppr-pandaroux.org\/en\/lassociation-cppr\/bureau-du-cppr\/#Melissa_VARIN_secretaire_adjointe_du_CPPR\" >Melissa VARIN, Assistant Secretary of the CPPR<\/a><\/li><\/ul><\/nav><\/div>\n\r\n\r\n<h2 class=\"wp-block-heading\"><span class=\"ez-toc-section\" id=\"A_linitiative_de_ce_projet_des_passionnees\"><\/span><strong>This project was initiated by passionate people!<\/strong><span class=\"ez-toc-section-end\"><\/span><\/h2>\r\n\r\n\r\n\r\n\r\n\r\n<p>As professionals in the animal world, they have long been aware of the disappearance of certain species. Through their work, they already contribute to the conservation of a number of them. But they wanted to get even more involved, in their own way, at their own level.<\/p>\r\n\r\n\r\n\r\n<p>After a few emails were exchanged, they met in September 2013 and the CPPR project began to come to life.<\/p>\r\n\r\n\r\n\r\n<p>The association's board is currently composed of five members, some of whom are listed below.<\/p>\r\n\r\n\r\n\r\n\r\n\r\n<h2 class=\"wp-block-heading\"><span class=\"ez-toc-section\" id=\"Helene_ALLAIRE_presidente_du_CPPR\"><\/span>Helene ALLAIRE, President of the CPPR<span class=\"ez-toc-section-end\"><\/span><\/h2>\r\n\r\n\r\n\r\n\r\n\r\n<p><a href=\"https:\/\/cppr-pandaroux.org\/app\/uploads\/2025\/08\/IMG_2395.jpeg\"><img loading=\"lazy\" decoding=\"async\" class=\"alignleft size-medium wp-image-4054\" src=\"https:\/\/cppr-pandaroux.org\/app\/uploads\/2025\/08\/IMG_2395-300x300.jpeg\" alt=\"\" width=\"300\" height=\"300\" srcset=\"https:\/\/cppr-pandaroux.org\/app\/uploads\/2025\/08\/IMG_2395-300x300.jpeg 300w, https:\/\/cppr-pandaroux.org\/app\/uploads\/2025\/08\/IMG_2395-150x150.jpeg 150w, https:\/\/cppr-pandaroux.org\/app\/uploads\/2025\/08\/IMG_2395-12x12.jpeg 12w, https:\/\/cppr-pandaroux.org\/app\/uploads\/2025\/08\/IMG_2395-100x100.jpeg 100w, https:\/\/cppr-pandaroux.org\/app\/uploads\/2025\/08\/IMG_2395-50x50.jpeg 50w, https:\/\/cppr-pandaroux.org\/app\/uploads\/2025\/08\/IMG_2395.jpeg 430w\" sizes=\"auto, (max-width: 300px) 100vw, 300px\" \/><\/a>As you can guess, I have been passionate about nature since I was a child. From childhood, I knew that I would take care of animals, a consuming passion that became my profession. I went through agricultural training, specifically in equine and cattle. After obtaining my BTEC National Diploma, the most wonderful of chance led me to Paris, where I found a position of zookeeper within the Menagerie of the Garden of Plants.<\/p>\r\n\r\n\r\n\r\n<p>During my years spent in this small park belonging to the National Museum of Natural History, I took care of, among other things, the pair of red pandas and their numerous cubs. A new passion was born around this species. Wanting to do a little more for conservation, I naturally turned to these little-known animals, and the rest... you know!<\/p>\r\n\r\n\r\n\r\n<p>Today transferred to the Paris Zoological Park, I no longer have the opportunity to take care of this endearing animal on a daily basis. But through the CPPR, I hope to contribute with you to its preservation in its natural environment.<\/p>\r\n\r\n\r\n\r\n\r\n\r\n<h2 class=\"wp-block-heading\"><span class=\"ez-toc-section\" id=\"Anne-Gwenael_PERIO_vice-presidente_du_CPPR\"><\/span>Anne-Gwenael PERIO, Vice-President of the CPPR<span class=\"ez-toc-section-end\"><\/span><\/h2>\r\n\r\n\r\n\r\n\r\n\r\n<p><a href=\"https:\/\/cppr-pandaroux.org\/app\/uploads\/2025\/08\/IMG_2394.jpeg\"><img loading=\"lazy\" decoding=\"async\" class=\"alignleft size-medium wp-image-4055\" src=\"https:\/\/cppr-pandaroux.org\/app\/uploads\/2025\/08\/IMG_2394-300x290.jpeg\" alt=\"\" width=\"300\" height=\"290\" srcset=\"https:\/\/cppr-pandaroux.org\/app\/uploads\/2025\/08\/IMG_2394-300x290.jpeg 300w, https:\/\/cppr-pandaroux.org\/app\/uploads\/2025\/08\/IMG_2394-12x12.jpeg 12w, https:\/\/cppr-pandaroux.org\/app\/uploads\/2025\/08\/IMG_2394.jpeg 621w\" sizes=\"auto, (max-width: 300px) 100vw, 300px\" \/><\/a>For as long as I can remember, I've always wanted to contribute to the conservation of the wildlife around us. Initially drawn to the profession of veterinarian, I eventually studied biology and obtained my Master's degree in population and ecosystem biology in 2002.<\/p>\r\n\r\n\r\n\r\n<p>It was that same year that I discovered the profession of animal keeper in a zoological park, a profession that has become a true vocation for me, because it allows me to act directly on the well-being of animals, most of whom are threatened. I have been working at the Cl\u00e8res zoological park, in Seine Maritime, since 2004.<\/p>\r\n\r\n\r\n\r\n<p>But I wanted to get more involved in biodiversity conservation and make a bigger contribution. So when I heard H\u00e9l\u00e8ne talk about her desire to do something for red pandas, a species I particularly like, I didn't hesitate! And the CPPR was born.<\/p>\r\n\r\n\r\n\r\n\r\n\r\n<h2 class=\"wp-block-heading\"><span class=\"ez-toc-section\" id=\"Betty_KNOPF_tresoriere_du_CPPR\"><\/span>Betty KNOPF, treasurer of the CPPR<span class=\"ez-toc-section-end\"><\/span><\/h2>\r\n\r\n\r\n\r\n\r\n\r\n<p><a href=\"https:\/\/cppr-pandaroux.org\/app\/uploads\/2025\/08\/IMG_2393.jpeg\"><img loading=\"lazy\" decoding=\"async\" class=\"alignleft size-medium wp-image-4056\" src=\"https:\/\/cppr-pandaroux.org\/app\/uploads\/2025\/08\/IMG_2393-300x285.jpeg\" alt=\"\" width=\"300\" height=\"285\" srcset=\"https:\/\/cppr-pandaroux.org\/app\/uploads\/2025\/08\/IMG_2393-300x285.jpeg 300w, https:\/\/cppr-pandaroux.org\/app\/uploads\/2025\/08\/IMG_2393-13x12.jpeg 13w, https:\/\/cppr-pandaroux.org\/app\/uploads\/2025\/08\/IMG_2393.jpeg 631w\" sizes=\"auto, (max-width: 300px) 100vw, 300px\" \/><\/a>I\u2019ve always lived for animals! Mainly attracted by birds and carnivores (exotic and local) I was determined to work in the animal environment. After the scientific A levels, I passed an agricultural BTEC Higher National Diploma which taught me a lot about farming techniques. But my passion for wild animals was too strong for me to stay with pets.<\/p>\r\n\r\n\r\n\r\n<p>I followed the training of zookeeper of Vend\u00f4me and I arrived in Paris, in the former Vincennes zoo, in 2003. Then in 2005 I joined the Menagerie of the Garden of Plant, and there, oh wonder, red pandas!! So beautiful, so interesting, so unique in the animal kingdom and especially so endangered!<\/p>\r\n\r\n\r\n\r\n<p>When Helene and Anne-Gwenael asked me if I wanted to be one of them to manage the red panda conservation association, I was immediately seduced by the idea. So I joined the team as treasurer.<\/p>\r\n\r\n\r\n\r\n\r\n\r\n<h2 class=\"wp-block-heading\"><span class=\"ez-toc-section\" id=\"Alexis_LE_GAC_secretaire_du_CPPR\"><\/span>Alexis LE GAC, Secretary of the CPPR<span class=\"ez-toc-section-end\"><\/span><\/h2>\r\n\r\n\r\n\r\n\r\n\r\n<p><a href=\"https:\/\/cppr-pandaroux.org\/app\/uploads\/2025\/08\/IMG_2392.jpeg\"><img loading=\"lazy\" decoding=\"async\" class=\"alignleft size-medium wp-image-4057\" src=\"https:\/\/cppr-pandaroux.org\/app\/uploads\/2025\/08\/IMG_2392-300x200.jpeg\" alt=\"\" width=\"300\" height=\"200\" srcset=\"https:\/\/cppr-pandaroux.org\/app\/uploads\/2025\/08\/IMG_2392-300x200.jpeg 300w, https:\/\/cppr-pandaroux.org\/app\/uploads\/2025\/08\/IMG_2392-18x12.jpeg 18w, https:\/\/cppr-pandaroux.org\/app\/uploads\/2025\/08\/IMG_2392.jpeg 512w\" sizes=\"auto, (max-width: 300px) 100vw, 300px\" \/><\/a>Since my childhood, it has been impossible for me to miss a zoological park without visiting it! Being able to provide daily well-being to these wild animals in captivity quickly became a dream! After college, I turned to a BEP Agriculture then a Bac Pro \u201cServices in Rural Environment\u201d. Although this Bac Pro was more geared towards personal service, it allowed me to complete a 2-month internship in an aquarium and 4 months at the \u201cLe Pal\u201d Park in Auvergne.<\/p>\r\n\r\n\r\n\r\n<p>After that, I wanted to access training as an animal keeper, but without success... It was impossible for me to stay a year doing anything other than this job... so I immediately started looking for a position as a keeper! And luck smiled on me in 2007 at the Mulhouse Zoological and Botanical Park, thanks in particular to my knowledge in conservation. Since then, I have worked a lot with primates but also carnivores.<\/p>\r\n\r\n\r\n\r\n<p>And being attracted by the CPPR project, when Anne-Gw\u00e9na\u00ebl offered me the opportunity to join the office, how could I refuse? A great opportunity to be able to contribute directly to the protection of a species!<\/p>\r\n\r\n\r\n\r\n\r\n\r\n<h2 class=\"wp-block-heading\"><span class=\"ez-toc-section\" id=\"Melissa_VARIN_secretaire_adjointe_du_CPPR\"><\/span>Melissa VARIN, Assistant Secretary of the CPPR<span class=\"ez-toc-section-end\"><\/span><\/h2>\r\n\r\n\r\n\r\n\r\n\r\n<p><a href=\"https:\/\/cppr-pandaroux.org\/app\/uploads\/2025\/08\/IMG_2391.jpeg\"><img loading=\"lazy\" decoding=\"async\" class=\"alignleft size-medium wp-image-4058\" src=\"https:\/\/cppr-pandaroux.org\/app\/uploads\/2025\/08\/IMG_2391-300x300.jpeg\" alt=\"\" width=\"300\" height=\"300\" srcset=\"https:\/\/cppr-pandaroux.org\/app\/uploads\/2025\/08\/IMG_2391-300x300.jpeg 300w, https:\/\/cppr-pandaroux.org\/app\/uploads\/2025\/08\/IMG_2391-150x150.jpeg 150w, https:\/\/cppr-pandaroux.org\/app\/uploads\/2025\/08\/IMG_2391-768x768.jpeg 768w, https:\/\/cppr-pandaroux.org\/app\/uploads\/2025\/08\/IMG_2391-12x12.jpeg 12w, https:\/\/cppr-pandaroux.org\/app\/uploads\/2025\/08\/IMG_2391-100x100.jpeg 100w, https:\/\/cppr-pandaroux.org\/app\/uploads\/2025\/08\/IMG_2391-50x50.jpeg 50w, https:\/\/cppr-pandaroux.org\/app\/uploads\/2025\/08\/IMG_2391.jpeg 800w\" sizes=\"auto, (max-width: 300px) 100vw, 300px\" \/><\/a>Passionate about carnivores since childhood, every year I visited zoological parks and that is how my vocation was born. After obtaining my BAC S, I had the opportunity to discover many zoos through my various professional experiences which allowed me to subsequently integrate the animal care training at the CFPPA of Vend\u00f4me. I had my first job at the Jurques Zoo in versatility. Subsequently, it was at the animal and botanical park of Mulhouse that I specialized in the care of carnivores. Today I work at the Cl\u00e8res park in ornithology.<\/p>\r\n\r\n\r\n\r\n<p>I met Alexis in Mulhouse, who told me about the association. Curious, I volunteered and discovered passionate people who are taking action on the ground. Seduced by the project and the red panda's face, I quickly joined the office to experience a wonderful adventure.<\/p>","protected":false},"excerpt":{"rendered":"<p>Le \u00ab projet panda \u00bb a vu le jour l&rsquo;\u00e9t\u00e9 2013, suite \u00e0 la rencontre de deux femmes soigneurs animaliers d\u00e9sirant contribuer \u00e0 la pr\u00e9servation de la biodiversit\u00e9 d&rsquo;une mani\u00e8re g\u00e9n\u00e9rale et partageant une passion commune pour l&rsquo;esp\u00e8ce \u00ab panda roux \u00bb en particulier. A l\u2019initiative de ce projet, des passionn\u00e9es\u00a0! Professionnelles du monde animalier, [&hellip;]<\/p>\n","protected":false},"author":1,"featured_media":0,"parent":3804,"menu_order":0,"comment_status":"closed","ping_status":"closed","template":"","meta":{"_monsterinsights_skip_tracking":false,"_monsterinsights_sitenote_active":false,"_monsterinsights_sitenote_note":"","_monsterinsights_sitenote_category":0,"footnotes":""},"class_list":["post-317","page","type-page","status-publish","hentry"],"aioseo_notices":[],"_links":{"self":[{"href":"https:\/\/cppr-pandaroux.org\/en\/wp-json\/wp\/v2\/pages\/317","targetHints":{"allow":["GET"]}}],"collection":[{"href":"https:\/\/cppr-pandaroux.org\/en\/wp-json\/wp\/v2\/pages"}],"about":[{"href":"https:\/\/cppr-pandaroux.org\/en\/wp-json\/wp\/v2\/types\/page"}],"author":[{"embeddable":true,"href":"https:\/\/cppr-pandaroux.org\/en\/wp-json\/wp\/v2\/users\/1"}],"replies":[{"embeddable":true,"href":"https:\/\/cppr-pandaroux.org\/en\/wp-json\/wp\/v2\/comments?post=317"}],"version-history":[{"count":9,"href":"https:\/\/cppr-pandaroux.org\/en\/wp-json\/wp\/v2\/pages\/317\/revisions"}],"predecessor-version":[{"id":4064,"href":"https:\/\/cppr-pandaroux.org\/en\/wp-json\/wp\/v2\/pages\/317\/revisions\/4064"}],"up":[{"embeddable":true,"href":"https:\/\/cppr-pandaroux.org\/en\/wp-json\/wp\/v2\/pages\/3804"}],"wp:attachment":[{"href":"https:\/\/cppr-pandaroux.org\/en\/wp-json\/wp\/v2\/media?parent=317"}],"curies":[{"name":"wp","href":"https:\/\/api.w.org\/{rel}","templated":true}]}}