{"id":308,"date":"2020-06-25T19:01:12","date_gmt":"2020-06-25T17:01:12","guid":{"rendered":"https:\/\/cppr-pandaroux.org\/?page_id=308"},"modified":"2025-08-06T15:00:48","modified_gmt":"2025-08-06T13:00:48","slug":"politique-dutilisation-des-cookies","status":"publish","type":"page","link":"https:\/\/cppr-pandaroux.org\/en\/mentions-legales\/politique-de-confidentialite\/politique-dutilisation-des-cookies\/","title":{"rendered":"Politique d\u2019utilisation des cookies"},"content":{"rendered":"<div style=\"background-color:#F0F0F2;padding:20px 20px 0px 20px; border-radius:10px;\"><p><strong>Cette notice d\u2019information vous permet d\u2019en savoir davantage sur l\u2019usage des cookies pouvant \u00eatre enregistr\u00e9s <\/strong>dans le syst\u00e8me de navigation de votre ordinateur, de votre t\u00e9l\u00e9phone mobile ou encore de votre tablette, lors de votre navigation de notre site Internet.<br><br>Ces cookies nous permettent de comprendre comment les utilisateurs naviguent sur notre site Internet, de collecter des donn\u00e9es \u00e0 partir desquelles nous pourrons am\u00e9liorer les futures exp\u00e9riences de navigation, de vous adresser des offres personnalis\u00e9es, de vous identifier lorsque vous acc\u00e9dez \u00e0 votre compte client, et de conserver des articles dans votre panier d\u2019achats apr\u00e8s d\u00e9connexion.<\/p><div id=\"ez-toc-container\" class=\"ez-toc-v2_0_82_2 ez-toc-wrap-right-text counter-hierarchy ez-toc-counter ez-toc-custom ez-toc-container-direction\">\n<div class=\"ez-toc-title-container\">\n<p class=\"ez-toc-title\" style=\"cursor:inherit\">Sommaire<\/p>\n<span class=\"ez-toc-title-toggle\"><a href=\"#\" class=\"ez-toc-pull-right ez-toc-btn ez-toc-btn-xs ez-toc-btn-default ez-toc-toggle\" aria-label=\"Toggle Table of Content\"><span class=\"ez-toc-js-icon-con\"><span class=\"\"><span class=\"eztoc-hide\" style=\"display:none;\">Toggle<\/span><span class=\"ez-toc-icon-toggle-span\"><svg style=\"fill: #ffffff;color:#ffffff\" xmlns=\"http:\/\/www.w3.org\/2000\/svg\" class=\"list-377408\" width=\"20px\" height=\"20px\" viewbox=\"0 0 24 24\" fill=\"none\"><path d=\"M6 6H4v2h2V6zm14 0H8v2h12V6zM4 11h2v2H4v-2zm16 0H8v2h12v-2zM4 16h2v2H4v-2zm16 0H8v2h12v-2z\" fill=\"currentColor\"><\/path><\/svg><svg style=\"fill: #ffffff;color:#ffffff\" class=\"arrow-unsorted-368013\" xmlns=\"http:\/\/www.w3.org\/2000\/svg\" width=\"10px\" height=\"10px\" viewbox=\"0 0 24 24\" version=\"1.2\" baseprofile=\"tiny\"><path d=\"M18.2 9.3l-6.2-6.3-6.2 6.3c-.2.2-.3.4-.3.7s.1.5.3.7c.2.2.4.3.7.3h11c.3 0 .5-.1.7-.3.2-.2.3-.5.3-.7s-.1-.5-.3-.7zM5.8 14.7l6.2 6.3 6.2-6.3c.2-.2.3-.5.3-.7s-.1-.5-.3-.7c-.2-.2-.4-.3-.7-.3h-11c-.3 0-.5.1-.7.3-.2.2-.3.5-.3.7s.1.5.3.7z\"\/><\/svg><\/span><\/span><\/span><\/a><\/span><\/div>\n<nav><ul class='ez-toc-list ez-toc-list-level-1' ><li class='ez-toc-page-1 ez-toc-heading-level-2'><a class=\"ez-toc-link ez-toc-heading-1\" href=\"https:\/\/cppr-pandaroux.org\/en\/mentions-legales\/politique-de-confidentialite\/politique-dutilisation-des-cookies\/#1_Quest-ce_quun_cookie\" >1. Qu\u2019est-ce qu\u2019un cookie\u00a0?<\/a><ul class='ez-toc-list-level-3' ><li class='ez-toc-heading-level-3'><a class=\"ez-toc-link ez-toc-heading-2\" href=\"https:\/\/cppr-pandaroux.org\/en\/mentions-legales\/politique-de-confidentialite\/politique-dutilisation-des-cookies\/#Les_cookies_techniques\" >Les cookies techniques<\/a><\/li><li class='ez-toc-page-1 ez-toc-heading-level-3'><a class=\"ez-toc-link ez-toc-heading-3\" href=\"https:\/\/cppr-pandaroux.org\/en\/mentions-legales\/politique-de-confidentialite\/politique-dutilisation-des-cookies\/#Les_cookies_analytiques\" >Les cookies analytiques<\/a><\/li><li class='ez-toc-page-1 ez-toc-heading-level-3'><a class=\"ez-toc-link ez-toc-heading-4\" href=\"https:\/\/cppr-pandaroux.org\/en\/mentions-legales\/politique-de-confidentialite\/politique-dutilisation-des-cookies\/#Les_cookies_de_partage\" >Les cookies de partage<\/a><\/li><li class='ez-toc-page-1 ez-toc-heading-level-3'><a class=\"ez-toc-link ez-toc-heading-5\" href=\"https:\/\/cppr-pandaroux.org\/en\/mentions-legales\/politique-de-confidentialite\/politique-dutilisation-des-cookies\/#Les_cookies_de_ciblage\" >Les cookies de ciblage<\/a><\/li><\/ul><\/li><li class='ez-toc-page-1 ez-toc-heading-level-2'><a class=\"ez-toc-link ez-toc-heading-6\" href=\"https:\/\/cppr-pandaroux.org\/en\/mentions-legales\/politique-de-confidentialite\/politique-dutilisation-des-cookies\/#2-_Comment_parametrer_vos_cookies\" >2- Comment param\u00e9trer vos cookies<\/a><\/li><li class='ez-toc-page-1 ez-toc-heading-level-2'><a class=\"ez-toc-link ez-toc-heading-7\" href=\"https:\/\/cppr-pandaroux.org\/en\/mentions-legales\/politique-de-confidentialite\/politique-dutilisation-des-cookies\/#Plus_dinformations_sur_les_cookies\" >Plus d\u2019informations sur les cookies<\/a><\/li><\/ul><\/nav><\/div>\n<\/div>\r\n<!-- \/wp:post-content -->\r\n\r\n<!-- wp:heading -->\r\n<h2><span class=\"ez-toc-section\" id=\"1_Quest-ce_quun_cookie\"><\/span><strong>1. Qu\u2019est-ce qu\u2019un cookie\u00a0?<\/strong><span class=\"ez-toc-section-end\"><\/span><\/h2>\r\n<!-- \/wp:heading -->\r\n\r\n<!-- wp:paragraph -->\r\n<p>Un cookie, ou t\u00e9moin de connexion est un fichier texte qui est envoy\u00e9 \u00e0 votre terminal fixe ou mobile via votre navigateur, \u00e0 l\u2019occasion de la consultation d\u2019un site internet ou d\u2019une application.<\/p>\r\n<!-- \/wp:paragraph -->\r\n\r\n<!-- wp:paragraph -->\r\n<p>Certains cookies sont indispensables \u00e0 l\u2019utilisation des sites web, d\u2019autres permettent d\u2019optimiser et de personnaliser les contenus affich\u00e9s.<\/p>\r\n<!-- \/wp:paragraph -->\r\n\r\n<!-- wp:paragraph -->\r\n<p>Les cookies ne peuvent \u00eatre lus que par leur \u00e9metteur, \u00e0 qui ils permettent, pendant leur dur\u00e9e de validit\u00e9, de reconna\u00eetre le terminal concern\u00e9. Ces cookies ne vous identifient pas personnellement, mais uniquement le navigateur de votre terminal.<\/p>\r\n<!-- \/wp:paragraph -->\r\n\r\n<!-- wp:paragraph -->\r\n<p>Ce sont des fichiers uniques. Pour r\u00e9pondre \u00e0 la question de comment savoir si un site utilise des cookies, il suffit d\u2019ouvrir le site et un message d\u2019avertissement appara\u00eet. Cette fen\u00eatre permet aux internautes de consentir \u00e0 l\u2019utilisation de cookies \u00e0 chaque visite sur la plate-forme. Elle n\u2019appara\u00eet g\u00e9n\u00e9ralement qu\u2019une seule fois.<\/p>\r\n<!-- \/wp:paragraph -->\r\n\r\n<!-- wp:paragraph -->\r\n<p>\u00c0 la base, les cookies sont utilis\u00e9s pour m\u00e9moriser des informations renseign\u00e9es dans un formulaire rempli sur le site Internet. Ces renseignements peuvent \u00eatre le nom, l\u2019adresse et le mot de passe de l\u2019utilisateur. De cette mani\u00e8re, ce dernier n\u2019aura plus \u00e0 entrer ces informations lors de sa prochaine visite. Il reste le seul \u00e0 pouvoir acc\u00e9der au fichier cookie. Certains cookies peuvent stocker un panier d\u2019achat, tandis que d\u2019autres permettent d\u2019enregistrer d\u2019autres param\u00e8tres, telles que la langue du site Internet ou la publicit\u00e9 cibl\u00e9e.<\/p>\r\n<!-- \/wp:paragraph -->\r\n\r\n<!-- wp:paragraph -->\r\n<p>Pour mieux appr\u00e9hender l\u2019utilit\u00e9 des cookies, il est n\u00e9cessaire d\u2019en distinguer les diff\u00e9rentes cat\u00e9gories&nbsp;:<\/p>\r\n<!-- \/wp:paragraph -->\r\n\r\n<!-- wp:list -->\r\n<ul><li>Les cookies techniques ;<\/li><li>Les cookies analytiques ;<\/li><li>Les cookies de partage ;<\/li><li>Les cookies de ciblage.<\/li><\/ul>\r\n<!-- \/wp:list -->\r\n\r\n<!-- wp:heading {\"level\":3} -->\r\n<h3><span class=\"ez-toc-section\" id=\"Les_cookies_techniques\"><\/span>Les cookies techniques<span class=\"ez-toc-section-end\"><\/span><\/h3>\r\n<!-- \/wp:heading -->\r\n\r\n<!-- wp:paragraph -->\r\n<p>Ce type de cookies permet aux internautes d\u2019acc\u00e9der \u00e0 la plateforme tout en s\u00e9curisant leurs donn\u00e9es personnelles. Ils sont essentiellement n\u00e9cessaires \u00e0 la navigation et s\u2019av\u00e8rent indispensables pour les applications mobiles. Ils donnent acc\u00e8s \u00e0 toutes les fonctionnalit\u00e9s du site ou de l\u2019application et reconnaissent les utilisateurs \u00e0 chacune de leurs visites. Ils aident \u00e0 la m\u00e9morisation des mots de passe ainsi que des informations renseign\u00e9es dans un formulaire rempli sur le site.<\/p>\r\n<!-- \/wp:paragraph -->\r\n\r\n<!-- wp:paragraph -->\r\n<p>Les cookies techniques ont la particularit\u00e9 de s\u00e9curiser la navigation. \u00c0 cet effet, ils peuvent par exemple demander aux visiteurs de se reconnecter \u00e0 l\u2019espace adh\u00e9rent apr\u00e8s une longue p\u00e9riode d\u2019inactivit\u00e9.<\/p>\r\n<!-- \/wp:paragraph -->\r\n\r\n<!-- wp:heading {\"level\":3} -->\r\n<h3><span class=\"ez-toc-section\" id=\"Les_cookies_analytiques\"><\/span>Les cookies analytiques<span class=\"ez-toc-section-end\"><\/span><\/h3>\r\n<!-- \/wp:heading -->\r\n\r\n<!-- wp:paragraph -->\r\n<p>Ces cookies recueillent des informations sur la fa\u00e7on dont les visiteurs utilisent un site Web. Par exemple, ils informent sur les pages les plus visit\u00e9es et l\u2019\u00e9mission&nbsp; des messages d\u2019erreur. Les cookies ne recueillent pas de donn\u00e9es permettant d\u2019identifier les visiteurs. Dans la mesure o\u00f9 toutes les informations recueillies par ces cookies sont rassembl\u00e9es, elles demeurent anonymes. Ces cookies sont uniquement destin\u00e9s \u00e0 am\u00e9liorer le fonctionnement du site Web.<\/p>\r\n<!-- \/wp:paragraph -->\r\n\r\n<!-- wp:heading {\"level\":3} -->\r\n<h3><span class=\"ez-toc-section\" id=\"Les_cookies_de_partage\"><\/span>Les cookies de partage<span class=\"ez-toc-section-end\"><\/span><\/h3>\r\n<!-- \/wp:heading -->\r\n\r\n<!-- wp:paragraph -->\r\n<p>Ces cookies vous permettent de partager une partie du contenu publi\u00e9 sur les sites vers les r\u00e9seaux sociaux (Instagram, Twitter, Facebook\u2026). Lorsque vous cliquez sur un bouton de partage, un cookie tiers est install\u00e9 et si vous \u00eates connect\u00e9s au r\u00e9seau social lors de votre navigation sur notre site, vous pouvez relier le contenu que vous consultez \u00e0 votre page de r\u00e9seau social.<\/p>\r\n<!-- \/wp:paragraph -->\r\n\r\n<!-- wp:paragraph -->\r\n<p>Le r\u00e9seau social fournissant un tel bouton applicatif est susceptible de vous identifier gr\u00e2ce \u00e0 ce bouton, m\u00eame si vous n\u2019avez pas utilis\u00e9 ce bouton lors de votre navigation de notre site Internet. En effet, ce type de bouton applicatif peut permettre au r\u00e9seau social concern\u00e9 de suivre votre navigation sur notre site Internet, du seul fait que votre compte au r\u00e9seau social concern\u00e9 \u00e9tait activ\u00e9 sur votre terminal (session ouverte) durant votre navigation sur notre site.<\/p>\r\n<!-- \/wp:paragraph -->\r\n\r\n<!-- wp:paragraph -->\r\n<p>Nous vous invitons \u00e0 consulter les politiques de protection de la vie priv\u00e9e de ces r\u00e9seaux sociaux afin de prendre connaissance des finalit\u00e9s d\u2019utilisation, notamment publicitaires et des informations de navigation qu\u2019ils peuvent recueillir gr\u00e2ce \u00e0 ces boutons applicatifs.<\/p>\r\n<!-- \/wp:paragraph -->\r\n\r\n<!-- wp:paragraph -->\r\n<p>Ces politiques de protection doivent notamment vous permettre d\u2019exercer vos choix aupr\u00e8s de ces r\u00e9seaux sociaux, notamment en param\u00e9trant vos comptes d\u2019utilisation de chacun de ces r\u00e9seaux.<\/p>\r\n<!-- \/wp:paragraph -->\r\n\r\n<!-- wp:heading {\"level\":3} -->\r\n<h3><span class=\"ez-toc-section\" id=\"Les_cookies_de_ciblage\"><\/span>Les cookies de ciblage<span class=\"ez-toc-section-end\"><\/span><\/h3>\r\n<!-- \/wp:heading -->\r\n\r\n<!-- wp:paragraph -->\r\n<p>Ces cookies collectent des informations concernant vos habitudes en mati\u00e8re de navigation Internet afin de vous proposer des publicit\u00e9s qui vous sont adapt\u00e9es et correspondent \u00e0 vos centres d\u2019int\u00e9r\u00eat.<\/p>\r\n<!-- \/wp:paragraph -->\r\n\r\n<!-- wp:paragraph -->\r\n<p>Les informations sont collect\u00e9es et partag\u00e9es avec des tiers pour proposer des ciblages d\u2019audience et des solutions d\u2019optimisation pour les annonceurs publicitaires et les \u00e9diteurs. Aucune donn\u00e9e personnelle n\u2019est recueillie et un individu ne peut \u00eatre identifi\u00e9 via les donn\u00e9es collect\u00e9es.<\/p>\r\n<!-- \/wp:paragraph -->\r\n\r\n<!-- wp:paragraph -->\r\n<p>Notre site Internet utilise 3 types de cookies&nbsp;:<\/p>\r\n<!-- \/wp:paragraph -->\r\n\r\n<!-- wp:paragraph -->\r\n<p>\u2013 Les <strong>cookies techniques<\/strong> (noms longs) ex: <em>ffdbd13d96d903c026c4876e97eb63a4<\/em><\/p>\r\n<!-- \/wp:paragraph -->\r\n\r\n<!-- wp:paragraph -->\r\n<p>Ce sont des cookies techniques de WooCommerce, ils servent au bon fonctionnement de la boutique et ne doivent pas \u00eatre d\u00e9sactiv\u00e9s.<\/p>\r\n<!-- \/wp:paragraph -->\r\n\r\n<!-- wp:paragraph -->\r\n<p>\u2013 Le<strong> cookie de consentement<\/strong><\/p>\r\n<!-- \/wp:paragraph -->\r\n\r\n<!-- wp:paragraph -->\r\n<p>Le cookie _lglaw permet \u00e0 notre module de fonctionner et de garder en m\u00e9moire le consentement des clients, c\u2019est pourquoi il ne doit pas \u00eatre d\u00e9sactiv\u00e9.<\/p>\r\n<!-- \/wp:paragraph -->\r\n\r\n<!-- wp:paragraph -->\r\n<p>\u2013 Les <strong>autres cookies<\/strong> (cookies tiers) sont d\u00e9sactiv\u00e9s. Ils ne seront activ\u00e9s qu\u2019apr\u00e8s obtention du consentement de l\u2019internaute.<\/p>\r\n<!-- \/wp:paragraph -->\r\n\r\n<!-- wp:heading -->\r\n<h2><span class=\"ez-toc-section\" id=\"2-_Comment_parametrer_vos_cookies\"><\/span><strong>2- Comment param\u00e9trer vos cookies<\/strong><span class=\"ez-toc-section-end\"><\/span><\/h2>\r\n<!-- \/wp:heading -->\r\n\r\n<!-- wp:paragraph -->\r\n<p>Vous disposez de diff\u00e9rents moyens pour g\u00e9rer la mise en \u0153uvre des cookies.<\/p>\r\n<!-- \/wp:paragraph -->\r\n\r\n<!-- wp:paragraph -->\r\n<p>Vous pouvez \u00e0 tout moment choisir de d\u00e9sactiver la mise en \u0153uvre des cookies ou de supprimer ceux qui auraient d\u00e9j\u00e0 \u00e9t\u00e9 install\u00e9s sur votre ordinateur, tablette ou smartphone et ce, syst\u00e9matiquement une fois pour toutes.<\/p>\r\n<!-- \/wp:paragraph -->\r\n\r\n<!-- wp:paragraph -->\r\n<p>Nous vous rappelons que le param\u00e9trage est susceptible de modifier vos conditions d\u2019acc\u00e8s \u00e0 nos services n\u00e9cessitant l\u2019utilisation de cookies.<\/p>\r\n<!-- \/wp:paragraph -->\r\n\r\n<!-- wp:paragraph -->\r\n<p>Lorsque vous visitez notre site Internet pour la premi\u00e8re fois, un bandeau d\u2019information pr\u00e9alable s\u2019affiche sur la page que vous consultez afin de vous informer de l\u2019existence des cookies et de leurs finalit\u00e9s. En cliquant sur \u00ab\u2009j\u2019accepte\u2009\u00bb, vous acceptez le d\u00e9p\u00f4t de cookies sur votre terminal. Ce bandeau vous donne \u00e9galement un acc\u00e8s direct \u00e0 la pr\u00e9sente notice d\u2019information sur les cookies.<\/p>\r\n<!-- \/wp:paragraph -->\r\n\r\n<!-- wp:paragraph -->\r\n<p>\u00c0 partir du moment o\u00f9 vous donnez votre consentement, le bandeau d\u2019avertissement dispara\u00eet et tous les modules utilisant des cookies s\u2019activeront et fonctionneront normalement. Mais si vous n\u2019acceptez pas l\u2019utilisation de cookies, les modules d\u00e9sactiv\u00e9s seront maintenus inactifs.<\/p>\r\n<!-- \/wp:paragraph -->\r\n\r\n<!-- wp:paragraph -->\r\n<p>Le consentement \u00e0 suivre peut \u00eatre oubli\u00e9 par les personnes qui l\u2019ont manifest\u00e9 \u00e0 un instant donn\u00e9, la CNIL (Commission Nationale de l\u2019Informatique et des Libert\u00e9s&nbsp;) estime n\u00e9cessaire de limiter dans le temps la port\u00e9e de ce dernier. Elle recommande que&nbsp;le d\u00e9lai de validit\u00e9 du consentement au d\u00e9p\u00f4t des Cookies soit port\u00e9 \u00e0 13&nbsp;mois au maximum. \u00c0 l\u2019expiration de ce d\u00e9lai, le consentement devra \u00eatre \u00e0 nouveau recueilli.&nbsp; Sur notre site, la dur\u00e9e de validit\u00e9 du consentement a \u00e9t\u00e9 limit\u00e9e \u00e0 12 mois.<\/p>\r\n<!-- \/wp:paragraph -->\r\n\r\n<!-- wp:paragraph -->\r\n<p>Vous pouvez \u00e9galement param\u00e9trer votre navigateur. La plupart des navigateurs acceptent les cookies par d\u00e9faut. Cependant, vous pouvez d\u00e9cider de bloquer ces cookies, demander \u00e0 votre navigateur de vous avertir lorsqu\u2019un site tente d\u2019impl\u00e9menter un cookie sur votre terminal ou les supprimer.<\/p>\r\n<!-- \/wp:paragraph -->\r\n\r\n<!-- wp:paragraph -->\r\n<p>Pour changer la gestion des cookies de votre navigateur, vous pouvez modifier les r\u00e9glages dans l\u2019onglet confidentialit\u00e9.<\/p>\r\n<!-- \/wp:paragraph -->\r\n\r\n<!-- wp:paragraph -->\r\n<p>Attention, certaines fonctionnalit\u00e9s des sites peuvent ne plus fonctionner.<\/p>\r\n<!-- \/wp:paragraph -->\r\n\r\n<!-- wp:paragraph -->\r\n<p>La configuration de chaque navigateur est diff\u00e9rente. Elle est d\u00e9crite dans le menu d\u2019aide de votre navigateur, qui vous permettra de savoir de quelle mani\u00e8re modifier vos souhaits en mati\u00e8re de cookies.<\/p>\r\n<!-- \/wp:paragraph -->\r\n\r\n<!-- wp:paragraph -->\r\n<p>Pour Chrome<br><a href=\"https:\/\/support.google.com\/chrome\/answer\/95647?hl=fr&amp;hlrm=en\" target=\"_blank\" rel=\"noreferrer noopener\">https:\/\/support.google.com\/chrome\/answer\/95647?hl=fr&amp;hlrm=en<\/a><\/p>\r\n<!-- \/wp:paragraph -->\r\n\r\n<!-- wp:paragraph -->\r\n<p>Pour Internet Explorer<br><a href=\"https:\/\/support.microsoft.com\/fr-fr\/help\/17442\/windows-internet-explorer-delete-manage-cookies\" target=\"_blank\" rel=\"noreferrer noopener\">https:\/\/support.microsoft.com\/fr-fr\/help\/17442\/windows-internet-explorer-delete-manage-cookies<\/a><\/p>\r\n<!-- \/wp:paragraph -->\r\n\r\n<!-- wp:paragraph -->\r\n<p>Pour Safari<br><a href=\"https:\/\/support.apple.com\/kb\/PH21411?viewlocale=fr_FR&amp;locale=fr_FR\" target=\"_blank\" rel=\"noreferrer noopener\">https:\/\/support.apple.com\/kb\/PH21411?viewlocale=fr_FR&amp;locale=fr_FR<\/a><\/p>\r\n<!-- \/wp:paragraph -->\r\n\r\n<!-- wp:paragraph -->\r\n<p>Pour FireFox<br><a href=\"http:\/\/support.mozilla.org\/fr\/kb\/cookies-informations-sites-enregistrent?redirectlocale=fr&amp;redirectslug=G%C3%A9rer+les+cookies\" target=\"_blank\" rel=\"noreferrer noopener\">http:\/\/support.mozilla.org\/fr\/kb\/cookies-informations-sites-enregistrent?redirectlocale=fr&amp;redirectslug=G%C3%A9rer+les+cookies<\/a><\/p>\r\n<!-- \/wp:paragraph -->\r\n\r\n<!-- wp:paragraph -->\r\n<p>Pour Op\u00e9ra<br><a href=\"http:\/\/help.opera.com\/Windows\/10.20\/fr\/cookies.html\" target=\"_blank\" rel=\"noreferrer noopener\">http:\/\/help.opera.com\/Windows\/10.20\/fr\/cookies.html<\/a><\/p>\r\n<!-- \/wp:paragraph -->\r\n\r\n<!-- wp:paragraph -->\r\n<p>Attention, la prise en compte de votre souhait repose sur un cookie. Si vous supprimez tous les cookies enregistr\u00e9s dans votre terminal via votre navigateur comme indiqu\u00e9 ci-avant, nous ou nos prestataires ne saurons pas que vous avez choisi cette option.<\/p>\r\n<!-- \/wp:paragraph -->\r\n\r\n<!-- wp:heading -->\r\n<h2><span class=\"ez-toc-section\" id=\"Plus_dinformations_sur_les_cookies\"><\/span>Plus d\u2019informations sur les cookies<span class=\"ez-toc-section-end\"><\/span><\/h2>\r\n<!-- \/wp:heading -->\r\n\r\n<!-- wp:paragraph -->\r\n<p>Pour plus d\u2019informations sur les cookies, vous pouvez vous rendre sur le site de la CNIL, \u00e0 cette adresse :\u00a0<a href=\"https:\/\/www.cnil.fr\/fr\/cookies-les-outils-pour-les-maitriser\" target=\"_blank\" rel=\"noreferrer noopener\">https:\/\/www.cnil.fr\/fr\/cookies-les-outils-pour-les-maitriser<\/a><\/p>\r\n<!-- \/wp:paragraph -->","protected":false},"excerpt":{"rendered":"<p>Cette notice d\u2019information vous permet d\u2019en savoir davantage sur l\u2019usage des cookies pouvant \u00eatre enregistr\u00e9s dans le syst\u00e8me de navigation de votre ordinateur, de votre t\u00e9l\u00e9phone mobile ou encore de votre tablette, lors de votre navigation de notre site Internet.Ces cookies nous permettent de comprendre comment les utilisateurs naviguent sur notre site Internet, de collecter [&hellip;]<\/p>\n","protected":false},"author":1,"featured_media":0,"parent":531,"menu_order":0,"comment_status":"closed","ping_status":"closed","template":"","meta":{"_monsterinsights_skip_tracking":false,"_monsterinsights_sitenote_active":false,"_monsterinsights_sitenote_note":"","_monsterinsights_sitenote_category":0,"footnotes":""},"class_list":["post-308","page","type-page","status-publish","hentry"],"aioseo_notices":[],"_links":{"self":[{"href":"https:\/\/cppr-pandaroux.org\/en\/wp-json\/wp\/v2\/pages\/308","targetHints":{"allow":["GET"]}}],"collection":[{"href":"https:\/\/cppr-pandaroux.org\/en\/wp-json\/wp\/v2\/pages"}],"about":[{"href":"https:\/\/cppr-pandaroux.org\/en\/wp-json\/wp\/v2\/types\/page"}],"author":[{"embeddable":true,"href":"https:\/\/cppr-pandaroux.org\/en\/wp-json\/wp\/v2\/users\/1"}],"replies":[{"embeddable":true,"href":"https:\/\/cppr-pandaroux.org\/en\/wp-json\/wp\/v2\/comments?post=308"}],"version-history":[{"count":6,"href":"https:\/\/cppr-pandaroux.org\/en\/wp-json\/wp\/v2\/pages\/308\/revisions"}],"predecessor-version":[{"id":3881,"href":"https:\/\/cppr-pandaroux.org\/en\/wp-json\/wp\/v2\/pages\/308\/revisions\/3881"}],"up":[{"embeddable":true,"href":"https:\/\/cppr-pandaroux.org\/en\/wp-json\/wp\/v2\/pages\/531"}],"wp:attachment":[{"href":"https:\/\/cppr-pandaroux.org\/en\/wp-json\/wp\/v2\/media?parent=308"}],"curies":[{"name":"wp","href":"https:\/\/api.w.org\/{rel}","templated":true}]}}