{"id":287,"date":"2020-06-25T15:54:21","date_gmt":"2020-06-25T13:54:21","guid":{"rendered":"https:\/\/cppr-pandaroux.org\/?page_id=287"},"modified":"2025-09-08T19:57:31","modified_gmt":"2025-09-08T17:57:31","slug":"faire-un-don","status":"publish","type":"page","link":"https:\/\/cppr-pandaroux.org\/en\/boutique\/faire-un-don\/","title":{"rendered":"Donate"},"content":{"rendered":"<p>The CPPR Association benefits from the Recognition of General Interest. Thus, in application of Article 200 of the General Tax Code, donations made to our association are eligible for a tax reduction.<\/p>\r\n<p><\/p>\r\n<p style=\"text-align: center;\"><a href=\"https:\/\/cppr-pandaroux.org\/boutique\/donation-au-cppr\/\"><strong>FAIRE VOTRE DON<\/strong><\/a><\/p>","protected":false},"excerpt":{"rendered":"<p>L&rsquo;Association CPPR b\u00e9n\u00e9ficie de la Reconnaissance d &lsquo;Int\u00e9r\u00eat G\u00e9n\u00e9ral. Ainsi, en application de l&rsquo;article 200 du code g\u00e9n\u00e9ral des imp\u00f4ts, les dons effectu\u00e9s au profit de notre association ouvrent droit \u00e0 une r\u00e9duction d&rsquo;imp\u00f4ts. FAIRE VOTRE DON<\/p>","protected":false},"author":1,"featured_media":0,"parent":60,"menu_order":0,"comment_status":"closed","ping_status":"closed","template":"","meta":{"_monsterinsights_skip_tracking":false,"_monsterinsights_sitenote_active":false,"_monsterinsights_sitenote_note":"","_monsterinsights_sitenote_category":0,"footnotes":""},"class_list":["post-287","page","type-page","status-publish","hentry"],"aioseo_notices":[],"_links":{"self":[{"href":"https:\/\/cppr-pandaroux.org\/en\/wp-json\/wp\/v2\/pages\/287","targetHints":{"allow":["GET"]}}],"collection":[{"href":"https:\/\/cppr-pandaroux.org\/en\/wp-json\/wp\/v2\/pages"}],"about":[{"href":"https:\/\/cppr-pandaroux.org\/en\/wp-json\/wp\/v2\/types\/page"}],"author":[{"embeddable":true,"href":"https:\/\/cppr-pandaroux.org\/en\/wp-json\/wp\/v2\/users\/1"}],"replies":[{"embeddable":true,"href":"https:\/\/cppr-pandaroux.org\/en\/wp-json\/wp\/v2\/comments?post=287"}],"version-history":[{"count":6,"href":"https:\/\/cppr-pandaroux.org\/en\/wp-json\/wp\/v2\/pages\/287\/revisions"}],"predecessor-version":[{"id":4184,"href":"https:\/\/cppr-pandaroux.org\/en\/wp-json\/wp\/v2\/pages\/287\/revisions\/4184"}],"up":[{"embeddable":true,"href":"https:\/\/cppr-pandaroux.org\/en\/wp-json\/wp\/v2\/pages\/60"}],"wp:attachment":[{"href":"https:\/\/cppr-pandaroux.org\/en\/wp-json\/wp\/v2\/media?parent=287"}],"curies":[{"name":"wp","href":"https:\/\/api.w.org\/{rel}","templated":true}]}}